{"id":113,"date":"2015-04-28T07:47:30","date_gmt":"2015-04-28T09:47:30","guid":{"rendered":"http:\/\/eatatlantique.fr\/?page_id=113"},"modified":"2015-08-25T12:08:10","modified_gmt":"2015-08-25T14:08:10","slug":"la-bibliotheque-portative","status":"publish","type":"page","link":"https:\/\/eatatlantique.fr\/?page_id=113","title":{"rendered":"La biblioth\u00e8que portative"},"content":{"rendered":"<h6><span style=\"color: #993366;\">&gt; <a href=\"https:\/\/eatatlantique.fr\/?page_id=27\">Pr\u00e9sentation de la biblioth\u00e8que portative <\/a><\/span><span style=\"color: #993366;\"><a href=\"https:\/\/eatatlantique.fr\/?page_id=27\"><strong>[pr\u00eat sur simple demande]<\/strong> <\/a><\/span><\/h6>\n<h6><span style=\"color: #993366;\">&gt; <a href=\"https:\/\/eatatlantique.fr\/?page_id=29\">Liste des oeuvres de la biblioth\u00e8que portative par auteurs<\/a><\/span><\/h6>\n","protected":false},"excerpt":{"rendered":"<p>&gt; Pr\u00e9sentation de la biblioth\u00e8que portative [pr\u00eat sur simple demande] &gt; Liste des oeuvres de la biblioth\u00e8que portative par auteurs<\/p>\n","protected":false},"author":1,"featured_media":0,"parent":0,"menu_order":0,"comment_status":"closed","ping_status":"closed","template":"","meta":{"footnotes":""},"class_list":{"0":"post-113","1":"page","2":"type-page","3":"status-publish","5":"entry"},"_links":{"self":[{"href":"https:\/\/eatatlantique.fr\/index.php?rest_route=\/wp\/v2\/pages\/113","targetHints":{"allow":["GET"]}}],"collection":[{"href":"https:\/\/eatatlantique.fr\/index.php?rest_route=\/wp\/v2\/pages"}],"about":[{"href":"https:\/\/eatatlantique.fr\/index.php?rest_route=\/wp\/v2\/types\/page"}],"author":[{"embeddable":true,"href":"https:\/\/eatatlantique.fr\/index.php?rest_route=\/wp\/v2\/users\/1"}],"replies":[{"embeddable":true,"href":"https:\/\/eatatlantique.fr\/index.php?rest_route=%2Fwp%2Fv2%2Fcomments&post=113"}],"version-history":[{"count":4,"href":"https:\/\/eatatlantique.fr\/index.php?rest_route=\/wp\/v2\/pages\/113\/revisions"}],"predecessor-version":[{"id":341,"href":"https:\/\/eatatlantique.fr\/index.php?rest_route=\/wp\/v2\/pages\/113\/revisions\/341"}],"wp:attachment":[{"href":"https:\/\/eatatlantique.fr\/index.php?rest_route=%2Fwp%2Fv2%2Fmedia&parent=113"}],"curies":[{"name":"wp","href":"https:\/\/api.w.org\/{rel}","templated":true}]}}