{"id":1146,"date":"2024-09-26T14:53:11","date_gmt":"2024-09-26T12:53:11","guid":{"rendered":"https:\/\/eatatlantique.fr\/?page_id=1146"},"modified":"2024-09-26T15:00:25","modified_gmt":"2024-09-26T13:00:25","slug":"voir-le-soleil","status":"publish","type":"page","link":"https:\/\/eatatlantique.fr\/?page_id=1146","title":{"rendered":"Voir le soleil"},"content":{"rendered":"<div class=\"wp-block-image\">\n<figure class=\"aligncenter is-resized\"><a href=\"https:\/\/www.popmedia.fr\/category\/pop-cast-episodes\/serie-podcasts-studio-pop\/voir-le-soleil\/\" target=\"_blank\" rel=\"noreferrer noopener\"><img decoding=\"async\" src=\"https:\/\/www.popmedia.fr\/wp-content\/uploads\/2023\/12\/VOIR-LE-SOLEIL-RVB.png\" alt=\"\" style=\"width:212px;height:auto\"\/><\/a><\/figure>\n<\/div>\n\n\n<p><\/p>\n\n\n\n<h4 class=\"wp-block-heading\"><strong>Auteurs EAT : <\/strong>Johann Corbard et Kamal Rawas<\/h4>\n\n\n\n<p>Une coproduction les <a href=\"https:\/\/eatatlantique.fr\/\">EAT-Altantique<\/a> et <a href=\"https:\/\/www.popmedia.fr\/category\/pop-cast-episodes\/serie-podcasts-studio-pop\/voir-le-soleil\/\">Pop&rsquo;M\u00e9dia<\/a><\/p>\n\n\n\n<p><strong>Fiction audio en 7 \u00e9pisodes<\/strong><\/p>\n\n\n\n<p><em><sup>Avec le soutien du Fond <a href=\"https:\/\/www.sacd.fr\/fr\/fonds-podcasts-originaux\">SACD Podcast Natif <\/a>&amp; de la <a href=\"https:\/\/www.fondation-godf.org\/\">Fondation du Grand Orient de France<\/a><\/sup><\/em><\/p>\n\n\n\n<p>Voir le soleil, une com\u00e9die sociale qui aborde sans filtres, mais avec sensibilit\u00e9 et humour, le tabou de la sexualit\u00e9 des personnes porteuses de handicap, en suivant le parcours de formation et ses effets sur la vie d\u2019une future assistante sexuelle.<\/p>\n\n\n\n<p>Un parcours sinueux et jalonn\u00e9 de rencontres bouleversantes qui va peu \u00e0 peu contribuer \u00e0 ouvrir les yeux et le c\u0153ur de Marie-Mohamed Legendre.&nbsp;&nbsp;<\/p>\n\n\n\n<p>Lien pour \u00e9couter les \u00e9pisodes :<\/p>\n\n\n<div class=\"wp-block-image\">\n<figure class=\"aligncenter is-resized\"><a href=\"https:\/\/www.popmedia.fr\/category\/pop-cast-episodes\/serie-podcasts-studio-pop\/voir-le-soleil\/\" target=\"_blank\" rel=\"noreferrer noopener\"><img decoding=\"async\" src=\"https:\/\/www.popmedia.fr\/wp-content\/uploads\/2023\/12\/VOIR-LE-SOLEIL-RVB.png\" alt=\"\" style=\"width:168px;height:auto\"\/><\/a><\/figure>\n<\/div>\n\n\n<p><a href=\"https:\/\/www.popmedia.fr\/2023\/06\/01\/voir-le-soleil-une-nouvelle-serie-de-podcasts\/\" target=\"_blank\" rel=\"noreferrer noopener\">Plus d&rsquo;informations : ici<\/a><\/p>\n\n\n<div class=\"wp-block-image\">\n<figure class=\"aligncenter\"><img loading=\"lazy\" decoding=\"async\" width=\"644\" height=\"250\" src=\"https:\/\/eatatlantique.fr\/wp-content\/uploads\/2023\/05\/Capture-644x250.jpg\" alt=\"\" class=\"wp-image-830\" srcset=\"https:\/\/eatatlantique.fr\/wp-content\/uploads\/2023\/05\/Capture-644x250.jpg 644w, https:\/\/eatatlantique.fr\/wp-content\/uploads\/2023\/05\/Capture-300x116.jpg 300w, https:\/\/eatatlantique.fr\/wp-content\/uploads\/2023\/05\/Capture-768x298.jpg 768w, https:\/\/eatatlantique.fr\/wp-content\/uploads\/2023\/05\/Capture-1260x489.jpg 1260w, https:\/\/eatatlantique.fr\/wp-content\/uploads\/2023\/05\/Capture.jpg 1389w\" sizes=\"auto, (max-width: 644px) 100vw, 644px\" \/><\/figure>\n<\/div>","protected":false},"excerpt":{"rendered":"<p>Auteurs EAT : Johann Corbard et Kamal Rawas Une coproduction les EAT-Altantique et Pop&rsquo;M\u00e9dia Fiction audio en 7 \u00e9pisodes Avec le soutien du Fond SACD Podcast Natif &amp; de la Fondation du Grand Orient de France Voir le soleil, une com\u00e9die sociale qui aborde sans filtres, mais avec sensibilit\u00e9 et humour, le tabou de la&hellip; <\/p>\n<p class=\"toivo-read-more\"><a href=\"https:\/\/eatatlantique.fr\/?page_id=1146\" class=\"more-link\">Lire la suite <span class=\"screen-reader-text\">Voir le soleil<\/span><\/a><\/p>\n","protected":false},"author":1,"featured_media":0,"parent":0,"menu_order":0,"comment_status":"closed","ping_status":"closed","template":"","meta":{"footnotes":""},"class_list":{"0":"post-1146","1":"page","2":"type-page","3":"status-publish","5":"entry"},"_links":{"self":[{"href":"https:\/\/eatatlantique.fr\/index.php?rest_route=\/wp\/v2\/pages\/1146","targetHints":{"allow":["GET"]}}],"collection":[{"href":"https:\/\/eatatlantique.fr\/index.php?rest_route=\/wp\/v2\/pages"}],"about":[{"href":"https:\/\/eatatlantique.fr\/index.php?rest_route=\/wp\/v2\/types\/page"}],"author":[{"embeddable":true,"href":"https:\/\/eatatlantique.fr\/index.php?rest_route=\/wp\/v2\/users\/1"}],"replies":[{"embeddable":true,"href":"https:\/\/eatatlantique.fr\/index.php?rest_route=%2Fwp%2Fv2%2Fcomments&post=1146"}],"version-history":[{"count":3,"href":"https:\/\/eatatlantique.fr\/index.php?rest_route=\/wp\/v2\/pages\/1146\/revisions"}],"predecessor-version":[{"id":1151,"href":"https:\/\/eatatlantique.fr\/index.php?rest_route=\/wp\/v2\/pages\/1146\/revisions\/1151"}],"wp:attachment":[{"href":"https:\/\/eatatlantique.fr\/index.php?rest_route=%2Fwp%2Fv2%2Fmedia&parent=1146"}],"curies":[{"name":"wp","href":"https:\/\/api.w.org\/{rel}","templated":true}]}}