{"id":19,"date":"2015-04-27T15:47:04","date_gmt":"2015-04-27T17:47:04","guid":{"rendered":"http:\/\/eatatlantique.fr\/?page_id=19"},"modified":"2015-08-28T08:34:15","modified_gmt":"2015-08-28T10:34:15","slug":"pieces-montees","status":"publish","type":"page","link":"https:\/\/eatatlantique.fr\/?page_id=19","title":{"rendered":"Pi\u00e8ces-Mont\u00e9es"},"content":{"rendered":"<h4 style=\"text-align: center;\">11 auteurs des eat Atlantique<\/h4>\n<h4 style=\"text-align: center;\">11 troupes de th\u00e9\u00e2tre amateur de la R\u00e9gion<\/h4>\n<h4 style=\"text-align: center;\">11 courtes pi\u00e8ces in\u00e9dites<\/h4>\n<p><a href=\"https:\/\/eatatlantique.fr\/wp-content\/uploads\/2015\/04\/image-pieces-montees.jpg\"><img loading=\"lazy\" decoding=\"async\" class=\" size-medium wp-image-242 aligncenter\" src=\"https:\/\/eatatlantique.fr\/wp-content\/uploads\/2015\/04\/image-pieces-montees-300x248.jpg\" alt=\"image-pieces-montees\" width=\"300\" height=\"248\" srcset=\"https:\/\/eatatlantique.fr\/wp-content\/uploads\/2015\/04\/image-pieces-montees-300x248.jpg 300w, https:\/\/eatatlantique.fr\/wp-content\/uploads\/2015\/04\/image-pieces-montees.jpg 556w\" sizes=\"auto, (max-width: 300px) 100vw, 300px\" \/><\/a><\/p>\n<p style=\"text-align: center;\"><em><strong>Projet coordonn\u00e9 par Bertrand Chauveau<\/strong><\/em><\/p>\n<h5 style=\"text-align: center;\"><strong>Repr\u00e9sentat<\/strong><strong>ion le dimanche 27 septembre 2015 \u00e0 15h30<\/strong><em><strong><br \/>\n<\/strong><\/em><\/h5>\n<h6 style=\"text-align: center;\"><strong>Salle Vasse, 18 rue Colbert, Nantes<\/strong><\/h6>\n<p style=\"text-align: center;\"><em>Entr\u00e9e libre<\/em><\/p>\n<p>&nbsp;<\/p>\n<p style=\"text-align: justify;\">En 2012, Bertrand Chauveau et Ronan Cheviller avaient r\u00e9fl\u00e9chi \u00e0 un projet de rencontre avec des troupes amateur. Dans un premier temps, il s&rsquo;agissait de r\u00e9unir des textes pour cr\u00e9er un festival avec des troupes amateurs qui auraient cr\u00e9\u00e9 ces pi\u00e8ces des auteurs des eat Atlantique.<\/p>\n<p style=\"text-align: justify;\">Bertrand Chauveau propose \u00e0 nouveau un projet qui a pour but de faire conna\u00eetre les \u00e9critures d&rsquo;aujourd&rsquo;hui, et en particuliers des auteurs dramatiques vivants en Pays de la Loire aupr\u00e8s des compagnies amateur de la r\u00e9gion. Il s&rsquo;agit d&rsquo;un premier rapprochement qui, s\u2019il est r\u00e9ussi, pourrait d\u00e9boucher sur des partenariats \u00e0 plus long terme, en particulier, des commandes d&rsquo;\u00e9criture.<\/p>\n<p style=\"text-align: justify;\">La premi\u00e8re \u00e9tape a \u00e9t\u00e9 une rencontre \u00e0 la Maison Julien Gracq qui nous a accueilli pour une lecture des pi\u00e8ces par les auteurs, en septembre 2014. Les com\u00e9diens des troupes amateurs ont \u00e9cout\u00e9, vot\u00e9 pour leur pi\u00e8ce pr\u00e9f\u00e9r\u00e9e&#8230; Un choix s&rsquo;est ainsi \u00e9tabli&#8230;<\/p>\n<ul>\n<li style=\"text-align: justify;\">\u00a0<strong>Repr\u00e9sentations au Nouveau Th\u00e9\u00e2tre de Teill\u00e9 (44) le 11 avril 2015.<\/strong><\/li>\n<\/ul>\n<h6 style=\"text-align: justify;\"><\/h6>\n<h6 style=\"text-align: justify;\"><span style=\"color: #000000;\">Les oeuvres pr\u00e9sent\u00e9es :<br \/>\n<\/span><\/h6>\n<ol>\n<li style=\"text-align: justify;\"><em><strong>Un samedi soir<\/strong>, <\/em>de Th\u00e9r\u00e8se Andr\u00e9-Abdelaziz, par L\u2019Emporte-Pi\u00e8ces, St-Herblon (44).<\/li>\n<li style=\"text-align: justify;\"><em><strong>Evidemment le p\u00e8re est aux anges<\/strong>, <\/em>de Sylvie Beauget, par Contes \u00e0 rebours, Nantes.<\/li>\n<li style=\"text-align: justify;\"><strong><em>P\u00e8re et fille<\/em><\/strong>, de Fran\u00e7ois B\u00e9chu, par le Th\u00e9\u00e2tre du Rimel, Nantes.<\/li>\n<li style=\"text-align: justify;\"><em><strong>Les cent pas<\/strong>,<\/em> de L\u00e9o Bossavit, par La Baliverne, Montjean-Sur-Loire (49).<\/li>\n<li style=\"text-align: justify;\"><strong><em>Pour p\u00e9cho les keums<\/em><\/strong>, de Bertrand Chauveau, par L\u2019A.C.R.D., Durtal (49).<\/li>\n<li style=\"text-align: justify;\"><strong><em>L&rsquo;illustre Contre Monde<\/em><\/strong>, de Ronan Cheviller, par La Belle rouge, St-Herblain (44).<\/li>\n<li style=\"text-align: justify;\"><strong><em>La nuit de Giulietta<\/em><\/strong>, de Jean-Michel Laurence par Cup of Th\u00e9\u00e2tre, Nantes.<\/li>\n<li style=\"text-align: justify;\"><em><strong>On recherche b\u00e9n\u00e9voles<\/strong>,<\/em> de Claude Legoeuil, par T-Atre, Oudon (44).<\/li>\n<li style=\"text-align: justify;\"><em><strong>D&rsquo;une pierre 2 coups \u00e7a fait 3<\/strong>, <\/em>de C\u00e9line Lemari\u00e9, par New Rancard, Teill\u00e9 (44).<\/li>\n<li style=\"text-align: justify;\"><em><strong>La r\u00e9volte des personnages<\/strong>, <\/em>de Henri Mariel, par A la tomb\u00e9e des Nues, Nantes.<\/li>\n<li style=\"text-align: justify;\"><em><strong>La technique du trillard<\/strong>,<\/em> de Jean Thovey, par La Nouvelle Lune, St-Herblain (44).<\/li>\n<\/ol>\n","protected":false},"excerpt":{"rendered":"<p>11 auteurs des eat Atlantique 11 troupes de th\u00e9\u00e2tre amateur de la R\u00e9gion 11 courtes pi\u00e8ces in\u00e9dites Projet coordonn\u00e9 par Bertrand Chauveau Repr\u00e9sentation le dimanche 27 septembre 2015 \u00e0 15h30 Salle Vasse, 18 rue Colbert, Nantes Entr\u00e9e libre &nbsp; En 2012, Bertrand Chauveau et Ronan Cheviller avaient r\u00e9fl\u00e9chi \u00e0 un projet de rencontre avec des&hellip; <\/p>\n<p class=\"toivo-read-more\"><a href=\"https:\/\/eatatlantique.fr\/?page_id=19\" class=\"more-link\">Lire la suite <span class=\"screen-reader-text\">Pi\u00e8ces-Mont\u00e9es<\/span><\/a><\/p>\n","protected":false},"author":1,"featured_media":0,"parent":0,"menu_order":0,"comment_status":"closed","ping_status":"closed","template":"","meta":{"footnotes":""},"class_list":{"0":"post-19","1":"page","2":"type-page","3":"status-publish","5":"entry"},"_links":{"self":[{"href":"https:\/\/eatatlantique.fr\/index.php?rest_route=\/wp\/v2\/pages\/19","targetHints":{"allow":["GET"]}}],"collection":[{"href":"https:\/\/eatatlantique.fr\/index.php?rest_route=\/wp\/v2\/pages"}],"about":[{"href":"https:\/\/eatatlantique.fr\/index.php?rest_route=\/wp\/v2\/types\/page"}],"author":[{"embeddable":true,"href":"https:\/\/eatatlantique.fr\/index.php?rest_route=\/wp\/v2\/users\/1"}],"replies":[{"embeddable":true,"href":"https:\/\/eatatlantique.fr\/index.php?rest_route=%2Fwp%2Fv2%2Fcomments&post=19"}],"version-history":[{"count":20,"href":"https:\/\/eatatlantique.fr\/index.php?rest_route=\/wp\/v2\/pages\/19\/revisions"}],"predecessor-version":[{"id":394,"href":"https:\/\/eatatlantique.fr\/index.php?rest_route=\/wp\/v2\/pages\/19\/revisions\/394"}],"wp:attachment":[{"href":"https:\/\/eatatlantique.fr\/index.php?rest_route=%2Fwp%2Fv2%2Fmedia&parent=19"}],"curies":[{"name":"wp","href":"https:\/\/api.w.org\/{rel}","templated":true}]}}