{"id":27,"date":"2015-04-27T15:56:04","date_gmt":"2015-04-27T17:56:04","guid":{"rendered":"http:\/\/eatatlantique.fr\/?page_id=27"},"modified":"2015-08-26T05:43:53","modified_gmt":"2015-08-26T07:43:53","slug":"la-bibliotheque-portative-des-eat-atlantique","status":"publish","type":"page","link":"https:\/\/eatatlantique.fr\/?page_id=27","title":{"rendered":"La biblioth\u00e8que portative"},"content":{"rendered":"<p align=\"JUSTIFY\"><a href=\"https:\/\/eatatlantique.fr\/wp-content\/uploads\/2015\/04\/IMG_0004.jpg\"><img loading=\"lazy\" decoding=\"async\" class=\" size-medium wp-image-38 aligncenter\" src=\"https:\/\/eatatlantique.fr\/wp-content\/uploads\/2015\/04\/IMG_0004-225x300.jpg\" alt=\"IMG_0004\" width=\"225\" height=\"300\" srcset=\"https:\/\/eatatlantique.fr\/wp-content\/uploads\/2015\/04\/IMG_0004-225x300.jpg 225w, https:\/\/eatatlantique.fr\/wp-content\/uploads\/2015\/04\/IMG_0004-768x1024.jpg 768w\" sizes=\"auto, (max-width: 225px) 100vw, 225px\" \/><\/a><\/p>\n<h3 style=\"text-align: center;\" align=\"JUSTIFY\">Pr\u00eat sur simple demande<\/h3>\n<p align=\"JUSTIFY\">La biblioth\u00e8que portative des eat Atlantique a \u00e9t\u00e9 finalis\u00e9e au printemps 2014.<\/p>\n<p align=\"JUSTIFY\">Il s&rsquo;agit d&rsquo;un meuble de 1m20 de hauteur et de 60 cm de large sur roulettes, constitu\u00e9 de livres \u00e9dit\u00e9s et de tapuscrits d&rsquo;auteurs des eat Atlantique.<\/p>\n<p align=\"JUSTIFY\">C&rsquo;est un outil essentiel pour mieux faire conna\u00eetre les auteurs \u00e0 travers leur texte de mani\u00e8re concr\u00e8te.<\/p>\n<p align=\"JUSTIFY\">Cette biblioth\u00e8que portative est d&rsquo;abord destin\u00e9e \u00e0 un usage personnel pour \u00eatre d\u00e9pos\u00e9e dans un cabinet priv\u00e9 (salon, chambre), tout lieu o\u00f9 il est loisible de lire, o\u00f9 l&rsquo;on peut s&rsquo;adonner \u00e0 cette activit\u00e9 de lire pour soi.<\/p>\n<p align=\"JUSTIFY\">Notre seule demande dans un premier temps, est d&rsquo;avoir un clich\u00e9 photographique du lieu de son usage.<\/p>\n<p align=\"JUSTIFY\">En parall\u00e8le, nous proposons des actions de d\u00e9couverte de cette biblioth\u00e8que men\u00e9es par des auteurs.<\/p>\n<p align=\"JUSTIFY\"><strong>Cette biblioth\u00e8que est disponible \u00e0 toute personne curieuse de lire du th\u00e9\u00e2tre.<\/strong><\/p>\n<p align=\"JUSTIFY\"><strong>Dur\u00e9e du pr\u00eat : de 1 \u00e0 3 mois [gratuit]<\/strong><\/p>\n<p align=\"JUSTIFY\"><a href=\"https:\/\/eatatlantique.fr\/?page_id=29\" target=\"_blank\"><strong><span style=\"color: #993366;\">&gt; <em>Liste des oeuvres de la biblioth\u00e8que portative par auteurs<\/em><\/span><\/strong><\/a><\/p>\n<p align=\"JUSTIFY\"><strong><a href=\"https:\/\/eatatlantique.fr\/?page_id=7\" target=\"_blank\"><em>&gt; Nous contacter par t\u00e9l\u00e9phone ou par mail<\/em><\/a><\/strong><\/p>\n<p>\u00b0\u00b0\u00b0<\/p>\n<p align=\"JUSTIFY\"><strong>La biblioth\u00e8que portative a d\u00e9j\u00e0 circul\u00e9 :<\/strong><\/p>\n<ul>\n<li style=\"text-align: justify;\">CNR d&rsquo;Art Dramatique de Nantes, rencontre mise en place par C\u00e9line Lemari\u00e9.<\/li>\n<\/ul>\n<ul style=\"text-align: justify;\">\n<li>Compagnie <em>A la tomb\u00e9e des nues<\/em>, directrice artistique Servane Daniel, suivi d&rsquo;une soir\u00e9e lecture au TNT [Nantes] en d\u00e9cembre 2014 : <em><strong>L&rsquo;oeil boit, l&rsquo;oreille \u00e9coute<\/strong><\/em>.<\/li>\n<\/ul>\n<ul>\n<li style=\"text-align: justify;\">Compagnie PaQ&rsquo;la Lune, avec les m\u00e9diateurs qui font un travail dans le quartier du Ronsay \u00e0 Nantes, action de d\u00e9couverte propos\u00e9e par Bertrand Pineau.<\/li>\n<\/ul>\n","protected":false},"excerpt":{"rendered":"<p>Pr\u00eat sur simple demande La biblioth\u00e8que portative des eat Atlantique a \u00e9t\u00e9 finalis\u00e9e au printemps 2014. Il s&rsquo;agit d&rsquo;un meuble de 1m20 de hauteur et de 60 cm de large sur roulettes, constitu\u00e9 de livres \u00e9dit\u00e9s et de tapuscrits d&rsquo;auteurs des eat Atlantique. C&rsquo;est un outil essentiel pour mieux faire conna\u00eetre les auteurs \u00e0 travers&hellip; <\/p>\n<p class=\"toivo-read-more\"><a href=\"https:\/\/eatatlantique.fr\/?page_id=27\" class=\"more-link\">Lire la suite <span class=\"screen-reader-text\">La biblioth\u00e8que portative<\/span><\/a><\/p>\n","protected":false},"author":1,"featured_media":0,"parent":0,"menu_order":0,"comment_status":"closed","ping_status":"closed","template":"","meta":{"footnotes":""},"class_list":{"0":"post-27","1":"page","2":"type-page","3":"status-publish","5":"entry"},"_links":{"self":[{"href":"https:\/\/eatatlantique.fr\/index.php?rest_route=\/wp\/v2\/pages\/27","targetHints":{"allow":["GET"]}}],"collection":[{"href":"https:\/\/eatatlantique.fr\/index.php?rest_route=\/wp\/v2\/pages"}],"about":[{"href":"https:\/\/eatatlantique.fr\/index.php?rest_route=\/wp\/v2\/types\/page"}],"author":[{"embeddable":true,"href":"https:\/\/eatatlantique.fr\/index.php?rest_route=\/wp\/v2\/users\/1"}],"replies":[{"embeddable":true,"href":"https:\/\/eatatlantique.fr\/index.php?rest_route=%2Fwp%2Fv2%2Fcomments&post=27"}],"version-history":[{"count":25,"href":"https:\/\/eatatlantique.fr\/index.php?rest_route=\/wp\/v2\/pages\/27\/revisions"}],"predecessor-version":[{"id":366,"href":"https:\/\/eatatlantique.fr\/index.php?rest_route=\/wp\/v2\/pages\/27\/revisions\/366"}],"wp:attachment":[{"href":"https:\/\/eatatlantique.fr\/index.php?rest_route=%2Fwp%2Fv2%2Fmedia&parent=27"}],"curies":[{"name":"wp","href":"https:\/\/api.w.org\/{rel}","templated":true}]}}