{"id":29,"date":"2015-04-27T16:03:39","date_gmt":"2015-04-27T18:03:39","guid":{"rendered":"http:\/\/eatatlantique.fr\/?page_id=29"},"modified":"2018-12-10T16:52:09","modified_gmt":"2018-12-10T15:52:09","slug":"bibliotheque-portative-liste-des-livres-par-auteur","status":"publish","type":"page","link":"https:\/\/eatatlantique.fr\/?page_id=29","title":{"rendered":"Liste des oeuvres"},"content":{"rendered":"<h3 style=\"text-align: center;\">La Biblioth\u00e8que portative<\/h3>\n<h4 style=\"text-align: center;\">39 livres et 23 tapuscrits (au 11 avril 2014)<\/h4>\n<h4 style=\"text-align: center;\">&#8211; en cours d&rsquo;actualisation &#8211;<\/h4>\n<h6><\/h6>\n<p>&nbsp;<\/p>\n<h5>LIVRES<\/h5>\n<ul>\n<li style=\"text-align: left;\"><strong><span style=\"color: #993366;\">Jean-Luc Annaix<\/span> <\/strong>| <em><strong>Manifeste pour un th\u00e9\u00e2tre musical Populaire<\/strong><\/em>, \u00e9ditions L&rsquo;oeil du souffleur |<em><strong> Ados en sc\u00e8ne<\/strong><\/em>, \u00e9ditions Agapante.<\/li>\n<\/ul>\n<ul>\n<li style=\"text-align: justify;\"><strong><span style=\"color: #993366;\">Fr\u00e9d\u00e9ric Barbe<\/span><\/strong> | <em><strong>Hier, Monsieur Lee,<\/strong><\/em> \u00e9ditions L&rsquo;acte MEM.<\/li>\n<\/ul>\n<ul>\n<li style=\"text-align: left;\"><strong><span style=\"color: #993366;\">Sylvie Beauget<\/span><\/strong> | <em><strong>Hercule est fatigu\u00e9<\/strong><\/em>, \u00e9ditions SOS Discrimination.<\/li>\n<\/ul>\n<ul>\n<li style=\"text-align: left;\"><strong><span style=\"color: #993366;\">L\u00e9o Bossavit<\/span><\/strong> |\u00a0 <em><strong>L&rsquo;entretien<\/strong><\/em>, \u00e9ditions l&rsquo;Atalante |<em><strong> Jacq, th\u00e9orie des ensembles<\/strong><\/em>, \u00e9ditions l&rsquo;Atalante.<\/li>\n<\/ul>\n<ul>\n<li style=\"text-align: left;\"><strong><span style=\"color: #993366;\">Bernard Bretonni\u00e8re<\/span> <\/strong>| <em><strong>Petit dictionnaire de th\u00e9\u00e2tre<\/strong><\/em>, \u00e9ditions Th\u00e9\u00e2trales | <em><strong>Volont\u00e9 en cavale ou D&rsquo;<\/strong><\/em>, \u00e9ditions Color Gang | <em><strong>Pas un tombeau<\/strong><\/em>, \u00e9ditions Du D\u00e9 Bleu.<\/li>\n<\/ul>\n<ul>\n<li style=\"text-align: justify;\"><strong><span style=\"color: #993366;\">Ronan Cheviller<\/span><\/strong> | <em><strong>L\u2019illustre contre monde<\/strong><\/em>, \u00e9ditions A la Cri\u00e9e.<\/li>\n<\/ul>\n<ul>\n<li style=\"text-align: left;\"><strong><span style=\"color: #993366;\">Jean-Michel Laurence<\/span><\/strong> | <em><strong>Temps-mort<\/strong><\/em>, \u00e9ditions Ecritures th\u00e9\u00e2trales Grand Sud Ouest.<\/li>\n<\/ul>\n<ul>\n<li style=\"text-align: justify;\"><strong><span style=\"color: #993366;\">Henri Mariel<\/span><\/strong> | <em><strong>Diderot en prison<\/strong><\/em>, \u00e9ditions Silo\u00eb.<\/li>\n<\/ul>\n<ul>\n<li style=\"text-align: left;\"><strong><span style=\"color: #993366;\">Eric Pessan<\/span> <\/strong>| <em><strong>Tout doit dispara\u00eetre,<\/strong><\/em> \u00e9ditions Th\u00e9\u00e2tre Ouvert, collection Tapuscrit | <em><strong>La Grande d\u00e9charge<\/strong><\/em>, \u00e9ditions de l&rsquo;Amandier | <em><strong>Les inaboutis<\/strong><\/em>, \u00e9ditions Th\u00e9\u00e2tre Ouvert, collection Tapuscrit | <em><strong>D\u00e9pouilles<\/strong><\/em>, \u00e9ditions de l&rsquo;Attente.<\/li>\n<\/ul>\n<ul>\n<li style=\"text-align: left;\"><strong><span style=\"color: #993366;\">Sylvain Renard<\/span><\/strong> | <em><strong>All\u00f4<\/strong><\/em>, \u00e9ditions Color Gang | <em><strong>Haut d\u00e9bit<\/strong><\/em>, \u00e9ditions Color Gang\u00a0 | <em><strong>Open space<\/strong><\/em>, \u00e9ditions Color Gang | <em><strong>Partir<\/strong><\/em>, \u00e9ditions Color Gang.<\/li>\n<\/ul>\n<ul>\n<li style=\"text-align: left;\"><strong><span style=\"color: #993366;\">Fran\u00e7oise Thyrion\u00a0<\/span><\/strong> | <em><strong>Moli\u00e8re par elle-m\u00eame<\/strong><\/em>, \u00e9ditions La Fontaine | <em><strong>Lei, Lei \u00e8 Moli\u00e8re<\/strong><\/em>,\u00a0 \u00e9ditions L&rsquo;encre \u00e0 pattes | <em><strong>A quoi r\u00eavent les lapins\u00a0?<\/strong><\/em>,\u00a0 \u00e9ditions du Petit V\u00e9hicule | <em><strong>Les enfants sacrifi\u00e9s<\/strong><\/em>, \u00e9ditions La Fontaine | <em><strong>Ida m\u2019a dit ou le chant des trois oiseaux bless\u00e9s<\/strong><\/em>, \u00e9ditions La Fontaine.<\/li>\n<\/ul>\n<ul>\n<li style=\"text-align: left;\"><strong><span style=\"color: #993366;\">Michel Valmer<\/span><\/strong> | <em><strong>Paso doble<\/strong><\/em>, \u00e9ditions du Petit V\u00e9hicule | <strong>La princesse Palapuka, le ma\u00eetre Balapi et l&rsquo;\u00e9nigme de la rose d&rsquo;azur<\/strong>, \u00e9ditions du Petit V\u00e9hicule | <em><strong>La terrible histoire du mal-aim\u00e9 roi Zarbouig<\/strong><\/em>, \u00e9ditions du Petit V\u00e9hicule | <em><strong>Les P\u00e8res No\u00ebl meurent parfois dans la rue<\/strong><\/em>, \u00e9ditions du Petit V\u00e9hicule | R<em><strong>evue Incognita<\/strong><\/em>\u00a0 | L<em><strong>e th\u00e9\u00e2tre de sciences<\/strong><\/em>, \u00e9ditions CNRS.<\/li>\n<\/ul>\n<ul>\n<li style=\"text-align: left;\"><strong><span style=\"color: #993366;\">Diana Vivarelli<\/span><\/strong> |<em><strong> A l&rsquo;attaque<\/strong><\/em>, \u00e9ditions du Cerisier | <em><strong>Explosion, une bombe nous attendait \u00e0 la gare<\/strong><\/em>, \u00e9ditions de l&rsquo;Amandier.<\/li>\n<\/ul>\n<ul>\n<li style=\"text-align: left;\"><strong><span style=\"color: #993366;\">Marcel Zang<\/span><\/strong> | <em><strong>L&rsquo;Exil\u00e9<\/strong><\/em>, suivi de <em><strong>Bouge de l\u00e0<\/strong><\/em>, \u00e9ditions Actes Sud-papiers | <em><strong>La danse du Pharaon<\/strong>,<\/em> \u00e9ditions Actes Sud-papiers | <em><strong>Pure vierge<\/strong><\/em>, \u00e9ditions Actes Sud-papiers.<\/li>\n<\/ul>\n<h6><\/h6>\n<p>&nbsp;<\/p>\n<h5>OUVRAGES COLLECTIFS<\/h5>\n<ul>\n<li style=\"text-align: justify;\"><em><strong>Diderot pour tout savoir<\/strong> <\/em>| Diana Vivarelli, Henri Mariel, Michel Valmer, \u00e9ditions Les cahiers de l&rsquo;Egar\u00e9.<\/li>\n<li style=\"text-align: justify;\"><em><strong>De Gustave A. \u00e0 Marcel Z.<\/strong> <\/em><\/li>\n<li style=\"text-align: justify;\"><em><strong>Le Catalogue II des EAT<\/strong> <\/em><\/li>\n<\/ul>\n<p>&nbsp;<\/p>\n<h5>TAPUSCRITS<\/h5>\n<ul>\n<li style=\"text-align: justify;\"><span style=\"color: #993366;\">Jean-Luc Annaix<\/span> | <em><strong>Battement de c\u0153ur (pour duo \u00e0 corde)<\/strong><\/em><\/li>\n<\/ul>\n<ul>\n<li style=\"text-align: justify;\"><span style=\"color: #993366;\">Th\u00e9r\u00e8se Andr\u00e9-Abdelaziz<\/span> | <em><strong>La voix Blanche<\/strong><\/em><\/li>\n<\/ul>\n<ul>\n<li style=\"text-align: justify;\"><span style=\"color: #993366;\">Fr\u00e9d\u00e9ric Barbe<\/span> | <em><strong>Just married<\/strong><\/em><\/li>\n<\/ul>\n<ul>\n<li style=\"text-align: justify;\"><span style=\"color: #993366;\">Sylvie Beauget<\/span> | <em><strong>J&rsquo;arrive<\/strong><\/em><\/li>\n<\/ul>\n<ul>\n<li style=\"text-align: left;\"><span style=\"color: #993366;\">Delphine Bretesch\u00e9<\/span> | <em><strong>Notre p\u00e8re<\/strong><\/em> |<em><strong> Georges<\/strong><\/em> | <em><strong>B\u00e9atrice de Fran\u00e7oise et B\u00e9atrice<\/strong><\/em><\/li>\n<\/ul>\n<ul>\n<li style=\"text-align: justify;\"><span style=\"color: #993366;\">Bernard Bretonni\u00e8re<\/span> | <em><strong>D\u00eener<\/strong><\/em><\/li>\n<\/ul>\n<ul>\n<li style=\"text-align: left;\"><span style=\"color: #993366;\">Ronan Cheviller<\/span> | <em><strong>F\u00e9vrier<\/strong><\/em> | <em><strong>Comment faire un bon spectacle, le chant du si si&#8230;<\/strong><\/em> | <em><strong>Ys trag\u00e9die<\/strong> <\/em><\/li>\n<\/ul>\n<ul>\n<li style=\"text-align: justify;\"><span style=\"color: #993366;\">Murielle Cuif<\/span> |<em><strong> Lise et Lue<\/strong><\/em><\/li>\n<\/ul>\n<ul>\n<li style=\"text-align: left;\"><span style=\"color: #993366;\">Chantal David<\/span> |<em><strong> Les heures noires<\/strong><\/em> | <em><strong>Cl\u00e9op\u00e2tre<\/strong><\/em> | <em><strong>Eurd\u00e9kol<\/strong><\/em><\/li>\n<\/ul>\n<ul>\n<li style=\"text-align: justify;\"><span style=\"color: #993366;\">Jean-Michel Laurence<\/span> | <em><strong>Le requiem des pigeons<\/strong><\/em>`| <em><strong>Mort Story<\/strong><\/em><\/li>\n<\/ul>\n<ul>\n<li style=\"text-align: justify;\"><span style=\"color: #993366;\">Claude Legoeuil<\/span> | <em><strong>La diff\u00e9rence<\/strong><\/em><\/li>\n<\/ul>\n<ul>\n<li style=\"text-align: justify;\"><span style=\"color: #993366;\">C\u00e9line Lemari\u00e9<\/span> | <em><strong>Famille, je vous Haime<\/strong><\/em><\/li>\n<\/ul>\n<ul>\n<li style=\"text-align: justify;\"><span style=\"color: #993366;\">Daniel Morvan<\/span> | <em><strong>Traces de kh\u00f4l<\/strong><\/em><\/li>\n<\/ul>\n<ul>\n<li style=\"text-align: left;\"><span style=\"color: #993366;\">Jean Thovey<\/span> | <em><strong>Cherche mari pas jaloux<\/strong><\/em> | <em><strong>La technique du trillard<\/strong><\/em> | <em><strong>Temps \u00e0 temps<\/strong><\/em><\/li>\n<\/ul>\n","protected":false},"excerpt":{"rendered":"<p>La Biblioth\u00e8que portative 39 livres et 23 tapuscrits (au 11 avril 2014) &#8211; en cours d&rsquo;actualisation &#8211; &nbsp; LIVRES Jean-Luc Annaix | Manifeste pour un th\u00e9\u00e2tre musical Populaire, \u00e9ditions L&rsquo;oeil du souffleur | Ados en sc\u00e8ne, \u00e9ditions Agapante. Fr\u00e9d\u00e9ric Barbe | Hier, Monsieur Lee, \u00e9ditions L&rsquo;acte MEM. Sylvie Beauget | Hercule est fatigu\u00e9, \u00e9ditions SOS&hellip; <\/p>\n<p class=\"toivo-read-more\"><a href=\"https:\/\/eatatlantique.fr\/?page_id=29\" class=\"more-link\">Lire la suite <span class=\"screen-reader-text\">Liste des oeuvres<\/span><\/a><\/p>\n","protected":false},"author":1,"featured_media":0,"parent":0,"menu_order":0,"comment_status":"closed","ping_status":"closed","template":"","meta":{"footnotes":""},"class_list":{"0":"post-29","1":"page","2":"type-page","3":"status-publish","5":"entry"},"_links":{"self":[{"href":"https:\/\/eatatlantique.fr\/index.php?rest_route=\/wp\/v2\/pages\/29","targetHints":{"allow":["GET"]}}],"collection":[{"href":"https:\/\/eatatlantique.fr\/index.php?rest_route=\/wp\/v2\/pages"}],"about":[{"href":"https:\/\/eatatlantique.fr\/index.php?rest_route=\/wp\/v2\/types\/page"}],"author":[{"embeddable":true,"href":"https:\/\/eatatlantique.fr\/index.php?rest_route=\/wp\/v2\/users\/1"}],"replies":[{"embeddable":true,"href":"https:\/\/eatatlantique.fr\/index.php?rest_route=%2Fwp%2Fv2%2Fcomments&post=29"}],"version-history":[{"count":16,"href":"https:\/\/eatatlantique.fr\/index.php?rest_route=\/wp\/v2\/pages\/29\/revisions"}],"predecessor-version":[{"id":559,"href":"https:\/\/eatatlantique.fr\/index.php?rest_route=\/wp\/v2\/pages\/29\/revisions\/559"}],"wp:attachment":[{"href":"https:\/\/eatatlantique.fr\/index.php?rest_route=%2Fwp%2Fv2%2Fmedia&parent=29"}],"curies":[{"name":"wp","href":"https:\/\/api.w.org\/{rel}","templated":true}]}}