{"id":33,"date":"2015-04-27T16:17:09","date_gmt":"2015-04-27T18:17:09","guid":{"rendered":"http:\/\/eatatlantique.fr\/?page_id=33"},"modified":"2026-01-31T11:21:29","modified_gmt":"2026-01-31T10:21:29","slug":"les-ateliers-decriture-des-eat-atlantique","status":"publish","type":"page","link":"https:\/\/eatatlantique.fr\/?page_id=33","title":{"rendered":"Les ateliers de lecture et d&rsquo;\u00e9criture"},"content":{"rendered":"<p style=\"text-align: left;\"><a href=\"https:\/\/eatatlantique.fr\/wp-content\/uploads\/2015\/04\/image-atelier-ecriture1.jpg\"><img loading=\"lazy\" decoding=\"async\" class=\"wp-image-258 alignright\" src=\"https:\/\/eatatlantique.fr\/wp-content\/uploads\/2015\/04\/image-atelier-ecriture1-300x232.jpg\" alt=\"image-atelier-ecriture\" width=\"290\" height=\"224\" srcset=\"https:\/\/eatatlantique.fr\/wp-content\/uploads\/2015\/04\/image-atelier-ecriture1-300x232.jpg 300w, https:\/\/eatatlantique.fr\/wp-content\/uploads\/2015\/04\/image-atelier-ecriture1-644x498.jpg 644w, https:\/\/eatatlantique.fr\/wp-content\/uploads\/2015\/04\/image-atelier-ecriture1.jpg 795w\" sizes=\"auto, (max-width: 290px) 100vw, 290px\" \/><\/a>Chaque s\u00e9rie d\u2019ateliers aboutit \u00e0 l\u2019\u00e9criture d\u2019une pi\u00e8ce par l\u2019auteur \u00e0 partir des textes et propositions des \u00e9l\u00e8ves.<\/p>\n<p>La pi\u00e8ce est ensuite mise en voix ou en sc\u00e8ne pour \u00eatre repr\u00e9sent\u00e9e.<\/p>\n<p>Les objectifs essentiels sont la d\u00e9couverte de l\u2019\u00e9criture th\u00e9\u00e2trale, la lecture \u00e0 voix haute (ou l&rsquo;enregistrement audio), la lib\u00e9ration de l\u2019imaginaire et la r\u00e9alisation d\u2019une cr\u00e9ation \u00e0 la fois collective et valorisante pour chacun.<\/p>\n<hr \/>\n<p style=\"text-align: center;\"><strong>2025 \/ 2026<\/strong><\/p>\n<ul>\n<li><em>Amandine Le Floch \/ <\/em>p\u00f4le d&rsquo;activit\u00e9 Cap-Lan<\/li>\n<li><em>Johann Corbard <\/em>\/ Lyc\u00e9e Camus \u00e0 Nantes, option th\u00e9\u00e2tre<\/li>\n<li><em>Kamal Rawas <\/em>\/ Notre Dame du Sacr\u00e9 C\u0153ur \u00e0 G\u00e9tign\u00e9<\/li>\n<li><em>Ronan Cheviller <\/em>\/ Lyc\u00e9e Talensac \u00e0 Nantes<\/li>\n<li><em>Sylvain Renard <\/em>\/ \u00c9cole\u00a0Ange Gu\u00e9pin \u00e0 Nantes<\/li>\n<li><em>Yto Legout<\/em> \/ Universit\u00e9 de Nantes<\/li>\n<\/ul>\n<p style=\"text-align: center;\"><strong>2024 \/ 2025<\/strong><\/p>\n<ul>\n<li><em>Amandine Le Floch \/ <\/em>p\u00f4le d&rsquo;activit\u00e9 Cap-Lan et l&rsquo;Association Loisir Jeunesse de Savenay (Regards)<\/li>\n<li><em>C\u00e9line Lemari\u00e9 \/ <\/em>Lyc\u00e9e Albert Camus de Nantes (Les alexandrins)<\/li>\n<li><em>Johann Corbard <\/em>\/coll\u00e8ge de Chantenay \u00e0 Nantes (Hypersensibles)<\/li>\n<li><em>Kamal Rawas <\/em>\/ Notre Dame du Sacr\u00e9 C\u0153ur \u00e0 G\u00e9tign\u00e9 (L\u2019autre et la diff\u00e9rence)<\/li>\n<li><em>Ronan Cheviller<\/em>\/P\u00e9pini\u00e8re Jeunesse Horizon du Breil \u00e0 Nantes (Objets f\u00e9tiches &amp; objets de famille)<\/li>\n<li><em>Sylvain Renard <\/em>\/ coll\u00e8ge Pierre Ab\u00e9lard de Vallet (Pour ce qu&rsquo;il me plaist\u2026)<\/li>\n<li><em>Yto Legout<\/em>\/Universit\u00e9 de Nantes (Atelier en immersion au Ch\u00e2teau des ducs de Bretagne)<\/li>\n<\/ul>\n<p style=\"text-align: center;\"><strong>2023 \/ 2024<\/strong><\/p>\n<ul>\n<li><em>C\u00e9line Lemari\u00e9 <\/em>\/ Lyc\u00e9e Albert Camus de Nantes<\/li>\n<li><em>Kamal Rawas<\/em> \/ \u00c9cole Notre Dame du Sacr\u00e9 C\u0153ur \u00e0 G\u00e9tign\u00e9<\/li>\n<li><em>Ronan Cheviller <\/em>\/ P\u00e9pini\u00e8re Jeunesse Horizon du Breil \u00e0 Nantes<\/li>\n<li><em>Sylvain Renard<\/em> \/ Coll\u00e8ge Ab\u00e9lard de Vallet<\/li>\n<li><em>Yto Legout \/ <\/em>Universit\u00e9 de Nantes<\/li>\n<\/ul>\n<p>Diffusion d\u2019un documentaire de l\u2019ANRAT sur les activit\u00e9s th\u00e9\u00e2trales en milieu scolaire (22 mars, Vasse).<\/p>\n<p style=\"text-align: center;\"><strong>2022 \/ 2023 <\/strong><\/p>\n<ul>\n<li><em>Ronan Cheviller<\/em> \/ P\u00e9pini\u00e8re Jeunesse Horizon du Breil \u00e0 Nantes : R\u00e9sidence atelier \u00e9criture \u00e0 voix haute sur le th\u00e8me \u00ab\u00a0Vies quotidiennes\u00a0\u00bb<\/li>\n<li><em>Yto Legout<\/em> \/ Universit\u00e9 de Nantes : <span class=\"il\">Atelier<\/span>\u00a0<span class=\"il\">d<\/span>&lsquo;<span class=\"il\">\u00e9criture<\/span>\u00a0pour 20 \u00e9tudiants et sous la forme\u00a0<span class=\"il\">d<\/span>&lsquo;une s\u00e9rie.<\/li>\n<li><em>Sylvain Renard<\/em> \/ Coll\u00e8ge Ab\u00e9lard de Vallet : <span class=\"il\">Atelier<\/span>\u00a0<span class=\"il\">d<\/span>&lsquo;<span class=\"il\">\u00e9criture<\/span>\u00a0pour 60 coll\u00e9giens, th\u00e8me : H\u00e9ros, h\u00e9ro\u00efnes, h\u00e9ro\u00efsme, en lien avec la professeure de musique.<\/li>\n<li>C\u00e9line Lemari\u00e9 \/ Lyc\u00e9e Albert Camus de Nantes : <span class=\"il\">Atelier<\/span>\u00a0<span class=\"il\">d<\/span>&lsquo;<span class=\"il\">\u00e9criture<\/span>\u00a033 lyc\u00e9en.ne.s de seconde, th\u00e8me : Questionner la culture de masse en tant qu&rsquo;individu. Les sc\u00e8nes \u00e9crites seront jou\u00e9es et tourn\u00e9es par Caf\u00e9 Prod.<\/li>\n<li><em>Kamal Rawas<\/em> \/ \u00c9cole Notre Dame du Sacr\u00e9 C\u0153ur \u00e0 G\u00e9tign\u00e9 : Classe CE2, th\u00e8me : L&rsquo;imaginaire<\/li>\n<\/ul>\n<p style=\"text-align: center;\"><strong>2021 \/ 2022\u00a0 <\/strong><\/p>\n<ul>\n<li><em>Sylvain Renard<\/em> \/ Coll\u00e8ge Ab\u00e9lard \u2013 Vallet : \u00c9crire au temps du coronavirus<\/li>\n<li><em>Ronan Cheviller<\/em> \/ Association \u00e9tudiante Articules \u2013 Nantes : Migrations<\/li>\n<li><em>Yto Legout<\/em> \/ Epsylan, \u00e9tablissement psychiatrique\u00a0 \u2013 Blain : La belle aventure<\/li>\n<li><em>C\u00e9line Lemari\u00e9<\/em> \/ Lyc\u00e9e Albert Camus \u2013 Nantes : A Olympes de Gouges<\/li>\n<li><em>Johann Corbard<\/em> \/ \u00c9cole de la Mutualit\u00e9 \u2013 Nantes : M\u00eame pas peur(s) !<\/li>\n<\/ul>\n<p style=\"text-align: center;\"><strong>2020 \/ 2021<\/strong><\/p>\n<ul>\n<li>Ronan Cheviller \u2013 \u2013 Lyc\u00e9e Bougainville \u2013 Nantes<\/li>\n<li>Yto Legout \u2013 Lyc\u00e9e Saint Stanislas \u2013 Nantes<\/li>\n<li>C\u00e9line Lemari\u00e9 \u2013 Lyc\u00e9e Albert Camus \u2013 Nantes<\/li>\n<\/ul>\n<p style=\"text-align: center;\"><strong>2018 \/ 2019<\/strong><\/p>\n<p style=\"text-align: center;\">4 auteurs en r\u00e9sidence \/ 4 projets<\/p>\n<p>Chaque auteur en r\u00e9sidence intervient \u00e0 partir d\u2019un projet d\u2019\u00e9criture. Durant la saison 2018-2019, les diff\u00e9rents projets s\u2019inscrivent de diverses mani\u00e8res dans la th\u00e9matique actuellement explor\u00e9e par les EAT-Atlantique\u00a0: \u00ab\u00a0Mythologie et Super-H\u00e9ros\u00a0\u00bb.<\/p>\n<p><em>Un temps collectif de restitution est pr\u00e9vu Salle Vasse \u00e0 Nantes le 13 mai 2019.<\/em><\/p>\n<p style=\"text-align: center;\"><strong>2017 \/ 2018<\/strong><\/p>\n<ul>\n<li><strong>Ronan Cheviller\/Lyc\u00e9e Toutes-Aides \u00e0 Nantes : <\/strong><em>Des fiches dialogu\u00e9es de travail<\/em><\/li>\n<li><strong>C\u00e9cile Thiercelin\/Coll\u00e8ge Georges Cl\u00e9menceau\u00a0 aux Essarts : <\/strong><em>La ville<\/em><\/li>\n<li><strong>Yto Legout\/ Lyc\u00e9e St Stanislas \u00e0 Nantes\u00a0<\/strong>: <em>C<\/em><em>atharsis<\/em><\/li>\n<li><strong>Sylvie Beauget\/Coll\u00e8ge Pierre Ab\u00e9lard \u00e0 Vallet\u00a0: <\/strong><em>\u00c9vadez-vous\u00a0!<\/em><\/li>\n<\/ul>\n<p style=\"text-align: center;\"><strong>2016 \/ 2017<\/strong><\/p>\n<ul>\n<li><strong>Ronan Cheviller\/Lyc\u00e9e Les Bourdonni\u00e8res\u00a0 \u00e0 Rez\u00e9 : <\/strong><em>L\u2019homme de paille\u00a0!<\/em><\/li>\n<li><strong>C\u00e9cile Thiercelin\/Coll\u00e8ge Georges Cl\u00e9menceau\u00a0 aux Essarts : <\/strong><em>BOUM\u00a0! Quand votre c\u0153ur\u00a0fait boum\u00a0!<\/em><\/li>\n<li><strong>Sylvain<\/strong> <strong>Renard\/ Coll\u00e8ge de Basse-Goulaine\u00a0: <\/strong><em>Goulaine fait sa r\u00e9volution<\/em><\/li>\n<li><strong>Yto Legout\/ Lyc\u00e9e St Stanislas \u00e0 Nantes\u00a0<\/strong>: <em>Icare<\/em><\/li>\n<li><strong>Sylvie Beauget\/Coll\u00e8ge Pierre Ab\u00e9lard \u00e0 Vallet\u00a0: <\/strong><em>Briser les cha\u00eenes.<\/em><\/li>\n<\/ul>\n<p style=\"text-align: center;\"><strong>2015 \/ 2016<\/strong><\/p>\n<ul>\n<li><strong><em>Sc\u00e8nes du Futur<\/em><\/strong>, Sylvie Beauget, Coll\u00e8ge Toutes Aides, Nantes.<\/li>\n<li><em><strong>On imagine toujours que \u00e7a va \u00eatre mieux &#8211; Bien-\u00eatre, th\u00e9\u00e2tre et fiction<\/strong><\/em>, Ronan Cheviller, Lyc\u00e9e Les Bourderies, Rez\u00e9.<\/li>\n<li><em><strong>Brest, deuxi\u00e8me mutation, <\/strong><\/em>Sylvie Beauget, Coll\u00e8ge Pierre Ab\u00e9lard, Vallet<\/li>\n<\/ul>\n<p style=\"text-align: center;\"><strong>2014 \/ 2015<\/strong><\/p>\n<ul>\n<li><strong><em>Futurismes<\/em><\/strong>, Sylvie Beauget, Lyc\u00e9e Toutes Aides, Nantes.<\/li>\n<li><em><strong>Futurismes encore<\/strong><\/em>, Sylvain Renard, Lyc\u00e9e Notre Dame, Rez\u00e9.<\/li>\n<li>Intervention de l&rsquo;auteur Ronan Cheviller au Printemps th\u00e9\u00e2tral lyc\u00e9en de Gu\u00e9rande.<\/li>\n<\/ul>\n<p style=\"text-align: center;\"><strong>2013 \/ 2014<\/strong><\/p>\n<ul>\n<li>Sayn\u00e8tes <strong><em>Origines- COEUR TENDRE<\/em><\/strong> &#8211; <em><strong>L\u2019\u0153uf de Casoar<\/strong> <\/em>&#8211;\u00a0 <em><strong>Le FER<\/strong><\/em>, de Sylvain Renard, Lyc\u00e9e Appert, Orvault.<\/li>\n<li><em><strong>Passages<\/strong><\/em>, de Sylvie Beauget, Coll\u00e8ge Notre Dame du Bon Conseil, Nantes.<\/li>\n<li><em><strong>Avant Que De Na\u00eetre \u2013 Le syndrome de Lorenzo<\/strong><\/em>, de Ronan Cheviller, Lyc\u00e9e Jules Verne, Nantes.<\/li>\n<li><em><strong>Paroles de profs, paroles de lyc\u00e9ens<\/strong><\/em>, de Bernard Bretonni\u00e8re, Lyc\u00e9e Toutes-Aides, Nantes.<\/li>\n<li><em><strong>Deux familles, une tombe, un papillon<\/strong><\/em>, de Marcel Zang, Lyc\u00e9e Albert Camus, Nantes.<\/li>\n<li>Atelier \u00e9critures de L\u00e9o Bossavit, Externat des Enfants nantais.<\/li>\n<\/ul>\n<ul>\n<li style=\"list-style-type: none;\"><\/li>\n<\/ul>\n<ul>\n<li style=\"list-style-type: none;\"><\/li>\n<\/ul>\n<p style=\"text-align: center;\"><strong>2012 \/ 2013<\/strong><\/p>\n<ul>\n<li><em><strong>Le silence de l\u2019\u00e9toffe<\/strong><\/em> et <em><strong>Le bal des timides<\/strong><\/em>, de Ronan Cheviller, coll\u00e8ge Externat des Enfants Nantais.<\/li>\n<li><em><strong>L\u2019Issue d\u2019Ulysse<\/strong><\/em>, de Sylvie Beauget, Lyc\u00e9e professionnel Saint-Donatien, Nantes.<\/li>\n<li><em><strong>Un jour de f\u00eate<\/strong><\/em>, de Marcel Zang, Lyc\u00e9e professionnel Saint-Donatien, Nantes.<\/li>\n<li><em><strong>Don Juan<\/strong><\/em>, d&rsquo;Henri Mariel, Lyc\u00e9e Joliverie, Nantes.<\/li>\n<li style=\"list-style-type: none;\"><\/li>\n<\/ul>\n<ul>\n<li style=\"list-style-type: none;\"><\/li>\n<\/ul>\n<p style=\"text-align: center;\"><strong>2011 \/ 2012<\/strong><\/p>\n<ul>\n<li><em><strong>Je suis au seuil<\/strong><\/em>, de Delphine Br\u00e9t\u00e9ch\u00e9, Lyc\u00e9e Joliverie, Nantes.<\/li>\n<li><em><strong>Num\u00e9ros et esquisses temporaires<\/strong><\/em>, de Ronan Cheviller, Lyc\u00e9e Joliverie, Nantes.<\/li>\n<li><span style=\"color: #000000; --darkreader-inline-color: var(--darkreader-text-000000, #e8e6e3);\" data-darkreader-inline-color=\"\">Intervention de Sylvain Renard, Lyc\u00e9e L\u00e9onard de Vinci, Nantes.<\/span><\/li>\n<li style=\"text-align: justify;\"><span style=\"color: #000000; --darkreader-inline-color: var(--darkreader-text-000000, #e8e6e3);\" data-darkreader-inline-color=\"\">Intervention de Sylvie Beauget, Lyc\u00e9e L\u00e9onard de Vinci, Nantes.<\/span><\/li>\n<\/ul>\n<p><a href=\"https:\/\/eatatlantique.fr\/wp-content\/uploads\/2015\/04\/image-2-atelier-ecriture.jpg\"><img loading=\"lazy\" decoding=\"async\" class=\" size-medium wp-image-264 aligncenter\" src=\"https:\/\/eatatlantique.fr\/wp-content\/uploads\/2015\/04\/image-2-atelier-ecriture-300x123.jpg\" alt=\"image-2-atelier-ecriture\" width=\"300\" height=\"123\" srcset=\"https:\/\/eatatlantique.fr\/wp-content\/uploads\/2015\/04\/image-2-atelier-ecriture-300x123.jpg 300w, https:\/\/eatatlantique.fr\/wp-content\/uploads\/2015\/04\/image-2-atelier-ecriture-644x265.jpg 644w, https:\/\/eatatlantique.fr\/wp-content\/uploads\/2015\/04\/image-2-atelier-ecriture-1260x518.jpg 1260w\" sizes=\"auto, (max-width: 300px) 100vw, 300px\" \/><\/a><\/p>\n<p style=\"text-align: justify;\">Les EAT-Atlantique re\u00e7oivent le soutien de la Fondation du Cr\u00e9dit Mutuel Lire \u00c9crire.<\/p>\n<p style=\"text-align: justify;\">La DRAC Pays de la Loire soutient ses actions depuis 2012.<\/p>\n","protected":false},"excerpt":{"rendered":"<p>Chaque s\u00e9rie d\u2019ateliers aboutit \u00e0 l\u2019\u00e9criture d\u2019une pi\u00e8ce par l\u2019auteur \u00e0 partir des textes et propositions des \u00e9l\u00e8ves. La pi\u00e8ce est ensuite mise en voix ou en sc\u00e8ne pour \u00eatre repr\u00e9sent\u00e9e. Les objectifs essentiels sont la d\u00e9couverte de l\u2019\u00e9criture th\u00e9\u00e2trale, la lecture \u00e0 voix haute (ou l&rsquo;enregistrement audio), la lib\u00e9ration de l\u2019imaginaire et la r\u00e9alisation&hellip; <\/p>\n<p class=\"toivo-read-more\"><a href=\"https:\/\/eatatlantique.fr\/?page_id=33\" class=\"more-link\">Lire la suite <span class=\"screen-reader-text\">Les ateliers de lecture et d&rsquo;\u00e9criture<\/span><\/a><\/p>\n","protected":false},"author":1,"featured_media":0,"parent":0,"menu_order":1,"comment_status":"closed","ping_status":"closed","template":"","meta":{"footnotes":""},"class_list":{"0":"post-33","1":"page","2":"type-page","3":"status-publish","5":"entry"},"_links":{"self":[{"href":"https:\/\/eatatlantique.fr\/index.php?rest_route=\/wp\/v2\/pages\/33","targetHints":{"allow":["GET"]}}],"collection":[{"href":"https:\/\/eatatlantique.fr\/index.php?rest_route=\/wp\/v2\/pages"}],"about":[{"href":"https:\/\/eatatlantique.fr\/index.php?rest_route=\/wp\/v2\/types\/page"}],"author":[{"embeddable":true,"href":"https:\/\/eatatlantique.fr\/index.php?rest_route=\/wp\/v2\/users\/1"}],"replies":[{"embeddable":true,"href":"https:\/\/eatatlantique.fr\/index.php?rest_route=%2Fwp%2Fv2%2Fcomments&post=33"}],"version-history":[{"count":23,"href":"https:\/\/eatatlantique.fr\/index.php?rest_route=\/wp\/v2\/pages\/33\/revisions"}],"predecessor-version":[{"id":1344,"href":"https:\/\/eatatlantique.fr\/index.php?rest_route=\/wp\/v2\/pages\/33\/revisions\/1344"}],"wp:attachment":[{"href":"https:\/\/eatatlantique.fr\/index.php?rest_route=%2Fwp%2Fv2%2Fmedia&parent=33"}],"curies":[{"name":"wp","href":"https:\/\/api.w.org\/{rel}","templated":true}]}}