{"id":4,"date":"2015-04-27T15:26:00","date_gmt":"2015-04-27T17:26:00","guid":{"rendered":"http:\/\/eatatlantique.fr\/?page_id=4"},"modified":"2026-01-31T11:22:33","modified_gmt":"2026-01-31T10:22:33","slug":"lassociation","status":"publish","type":"page","link":"https:\/\/eatatlantique.fr\/","title":{"rendered":""},"content":{"rendered":"\n<p><\/p>\n\n\n\n<h3 class=\"wp-block-heading has-text-align-center\"><span style=\"color: #993366;\"><figure><a href=\"https:\/\/eatatlantique.fr\/wp-content\/uploads\/2022\/09\/logo-at-bleu-vert-e1745330785104.png\"><img loading=\"lazy\" decoding=\"async\" width=\"300\" height=\"207\" class=\"aligncenter wp-image-728 size-medium\" src=\"https:\/\/eatatlantique.fr\/wp-content\/uploads\/2022\/09\/logo-at-bleu-vert-e1745330785104-300x207.png\" alt=\"\" srcset=\"https:\/\/eatatlantique.fr\/wp-content\/uploads\/2022\/09\/logo-at-bleu-vert-e1745330785104-300x207.png 300w, https:\/\/eatatlantique.fr\/wp-content\/uploads\/2022\/09\/logo-at-bleu-vert-e1745330785104-644x444.png 644w, https:\/\/eatatlantique.fr\/wp-content\/uploads\/2022\/09\/logo-at-bleu-vert-e1745330785104.png 752w\" sizes=\"auto, (max-width: 300px) 100vw, 300px\" \/><\/a><\/figure>Suivre nos actualit\u00e9s : <strong><mark style=\"background-color:#000000\" class=\"has-inline-color has-luminous-vivid-orange-color\"><a href=\"https:\/\/eatatlantique.fr\/?page_id=1185\" data-type=\"link\" data-id=\"https:\/\/eatatlantique.fr\/?page_id=1185\" target=\"_blank\" rel=\"noreferrer noopener\">ici<\/a><\/mark><\/strong> ou sur <a style=\"color: #993366;\" href=\"http:\/\/www.facebook.com\/EATAtlantique\" target=\"_blank\" rel=\"noopener noreferrer\"><img loading=\"lazy\" decoding=\"async\" width=\"56\" height=\"56\" class=\"alignnone\" src=\"https:\/\/img.icons8.com\/clouds\/100\/000000\/facebook.png\" alt=\"\"><\/a><\/span><\/h3>\n\n\n\n<div class=\"wp-block-group is-vertical is-layout-flex wp-container-core-group-is-layout-8cf370e7 wp-block-group-is-layout-flex\">\n<p>Depuis 2010, les EAT-Atlantique proposent des <strong><a href=\"https:\/\/eatatlantique.fr\/?page_id=1185\">actions collectives<\/a><\/strong>, afin de faire conna\u00eetre les auteur.e.s dramatiques pr\u00e9sent.e.s en Pays de la Loire. Nous nous associons aussi \u00e0 des <a href=\"https:\/\/eatatlantique.fr\/?page_id=85\"><strong>manifestations<\/strong><\/a> dans le but de faire entendre les diff\u00e9rentes facettes du travail d&rsquo;un auteur.<\/p>\n\n\n\n<p>Nous r\u00e9alisons des <a href=\"https:\/\/eatatlantique.fr\/?page_id=33\" target=\"_blank\" rel=\"noopener noreferrer\"><span style=\"color: #993366;\"><strong>ateliers d&rsquo;\u00e9criture<\/strong><\/span><\/a> en \u00e9tablissement scolaire. \u00c0 chaque fois, les auteur.e.s font d\u00e9couvrir l&rsquo;\u00e9criture dramatique \u00e0 des \u00e9l\u00e8ves et \u00e9crivent une pi\u00e8ce issue du travail en atelier qui d\u00e9passe \u00ab\u00a0l&rsquo;apprentissage de techniques d&rsquo;\u00e9critures\u00a0\u00bb mais interroge \u00ab\u00a0un vivre ensemble\u00a0\u00bb et \u00ab\u00a0une \u00e9nergie de groupe\u00a0\u00bb.<\/p>\n\n\n\n<p><span style=\"color: #333333;\">Les EAT-Atlantique <\/span>suscitent des rencontres, permettent \u00e0 des auteur.e.s de se frotter directement avec des \u00e9quipes artistiques.<\/p>\n\n\n\n<p>La mise en place d&rsquo;une <a href=\"https:\/\/eatatlantique.fr\/?page_id=27\" target=\"_blank\" rel=\"noopener noreferrer\"><span style=\"color: #993366;\"><strong>biblioth\u00e8que portative<\/strong><\/span><\/a> des auteur.e.s des EAT-Atlantique rassemblant des textes \u00e9dit\u00e9s et des tapuscrits est aussi un autre moyen de contribuer \u00e0 faire conna\u00eetre les auteur.e.s, \u00ab\u00a0par le th\u00e9\u00e2tre intime des lecteurs\u00a0\u00bb.<\/p>\n\n\n\n<p><\/p>\n<\/div>\n\n\n<div class=\"wp-block-image\">\n<figure class=\"aligncenter\"><a href=\"https:\/\/eatatlantique.fr\/wp-content\/uploads\/2015\/04\/image-atelier-ecriture1.jpg\"><img loading=\"lazy\" decoding=\"async\" width=\"300\" height=\"232\" src=\"https:\/\/eatatlantique.fr\/wp-content\/uploads\/2015\/04\/image-atelier-ecriture1-300x232.jpg\" alt=\"\" class=\"wp-image-258\" srcset=\"https:\/\/eatatlantique.fr\/wp-content\/uploads\/2015\/04\/image-atelier-ecriture1-300x232.jpg 300w, https:\/\/eatatlantique.fr\/wp-content\/uploads\/2015\/04\/image-atelier-ecriture1-644x498.jpg 644w, https:\/\/eatatlantique.fr\/wp-content\/uploads\/2015\/04\/image-atelier-ecriture1.jpg 795w\" sizes=\"auto, (max-width: 300px) 100vw, 300px\" \/><\/a><\/figure>\n<\/div>\n\n\n<div class=\"wp-block-group is-vertical is-layout-flex wp-container-core-group-is-layout-8cf370e7 wp-block-group-is-layout-flex\">\n<p><\/p>\n\n\n\n<p><strong>Les EAT-Atlantique ont pour objectifs :<\/strong><\/p>\n\n\n\n<ul class=\"wp-block-list\">\n<li>de repr\u00e9senter les auteurs dramatiques partout o\u00f9 cela est possible et surtout n\u00e9cessaire<\/li>\n\n\n\n<li>de mettre en place un p\u00f4le d\u2019information, d\u2019\u00e9changes et de r\u00e9flexions sur le statut d\u2019auteur dramatique<\/li>\n\n\n\n<li>d\u2019organiser des manifestations ponctuelles en liaison avec les structures culturelles de la R\u00e9gion : les m\u00e9diath\u00e8ques des Pays de la Loire, les lieux de diffusion type centres culturels, th\u00e9\u00e2tres municipaux, sc\u00e8nes conventionn\u00e9es<\/li>\n\n\n\n<li>d\u2019impulser des r\u00e9sidences d\u2019\u00e9critures dans les \u00e9tablissements scolaires de la R\u00e9gion des Pays de la Loire : \u00e9coles primaires, coll\u00e8ges et lyc\u00e9es<\/li>\n\n\n\n<li>de relayer en R\u00e9gion des Pays de la Loire les actions des <a href=\"http:\/\/www.eatheatre.fr\/\" target=\"_blank\" rel=\"noopener noreferrer\"><span style=\"color: #993366;\"><strong>EAT nationaux<\/strong><\/span><\/a><\/li>\n<\/ul>\n<\/div>\n\n\n\n<div class=\"wp-block-cover aligncenter is-light\" style=\"min-height:185px;aspect-ratio:unset;\"><img loading=\"lazy\" decoding=\"async\" width=\"556\" height=\"460\" class=\"wp-block-cover__image-background wp-image-242 size-full\" alt=\"\" src=\"https:\/\/eatatlantique.fr\/wp-content\/uploads\/2015\/04\/image-pieces-montees.jpg\" data-object-fit=\"cover\" srcset=\"https:\/\/eatatlantique.fr\/wp-content\/uploads\/2015\/04\/image-pieces-montees.jpg 556w, https:\/\/eatatlantique.fr\/wp-content\/uploads\/2015\/04\/image-pieces-montees-300x248.jpg 300w\" sizes=\"auto, (max-width: 556px) 100vw, 556px\" \/><span aria-hidden=\"true\" class=\"wp-block-cover__background has-background-dim-80 has-background-dim\" style=\"background-color:#8aa28f\"><\/span><div class=\"wp-block-cover__inner-container is-layout-constrained wp-block-cover-is-layout-constrained\">\n<div class=\"wp-block-columns are-vertically-aligned-center is-layout-flex wp-container-core-columns-is-layout-9d6595d7 wp-block-columns-is-layout-flex\">\n<div class=\"wp-block-column is-vertically-aligned-center is-layout-flow wp-block-column-is-layout-flow\" style=\"flex-basis:100%\">\n<iframe loading=\"lazy\" src=\"https:\/\/www.facebook.com\/plugins\/post.php?href=https%3A%2F%2Fwww.facebook.com%2FEATAtlantique%2Fposts%2Fpfbid0iLSAJW4WjhqjKg7H3DhPzrpJLnvAAjWo5jqUBB33cnSAF9STZDHRmcvZEozu1oAJl&#038;show_text=true&#038;width=500\" width=\"500\" height=\"837\" style=\"border:none;overflow:hidden\" scrolling=\"no\" frameborder=\"0\" allowfullscreen=\"true\" allow=\"autoplay; clipboard-write; encrypted-media; picture-in-picture; web-share\"><\/iframe>\n<\/div>\n<\/div>\n<\/div><\/div>\n","protected":false},"excerpt":{"rendered":"<p>Suivre nos actualit\u00e9s : ici ou sur Depuis 2010, les EAT-Atlantique proposent des actions collectives, afin de faire conna\u00eetre les auteur.e.s dramatiques pr\u00e9sent.e.s en Pays de la Loire. Nous nous associons aussi \u00e0 des manifestations dans le but de faire entendre les diff\u00e9rentes facettes du travail d&rsquo;un auteur. Nous r\u00e9alisons des ateliers d&rsquo;\u00e9criture en \u00e9tablissement&hellip; <\/p>\n<p class=\"toivo-read-more\"><a href=\"https:\/\/eatatlantique.fr\/\" class=\"more-link\">Lire la suite <span class=\"screen-reader-text\"><\/span><\/a><\/p>\n","protected":false},"author":1,"featured_media":0,"parent":0,"menu_order":0,"comment_status":"closed","ping_status":"closed","template":"pages\/front-page.php","meta":{"footnotes":""},"class_list":{"0":"post-4","1":"page","2":"type-page","3":"status-publish","5":"entry"},"_links":{"self":[{"href":"https:\/\/eatatlantique.fr\/index.php?rest_route=\/wp\/v2\/pages\/4","targetHints":{"allow":["GET"]}}],"collection":[{"href":"https:\/\/eatatlantique.fr\/index.php?rest_route=\/wp\/v2\/pages"}],"about":[{"href":"https:\/\/eatatlantique.fr\/index.php?rest_route=\/wp\/v2\/types\/page"}],"author":[{"embeddable":true,"href":"https:\/\/eatatlantique.fr\/index.php?rest_route=\/wp\/v2\/users\/1"}],"replies":[{"embeddable":true,"href":"https:\/\/eatatlantique.fr\/index.php?rest_route=%2Fwp%2Fv2%2Fcomments&post=4"}],"version-history":[{"count":73,"href":"https:\/\/eatatlantique.fr\/index.php?rest_route=\/wp\/v2\/pages\/4\/revisions"}],"predecessor-version":[{"id":1345,"href":"https:\/\/eatatlantique.fr\/index.php?rest_route=\/wp\/v2\/pages\/4\/revisions\/1345"}],"wp:attachment":[{"href":"https:\/\/eatatlantique.fr\/index.php?rest_route=%2Fwp%2Fv2%2Fmedia&parent=4"}],"curies":[{"name":"wp","href":"https:\/\/api.w.org\/{rel}","templated":true}]}}