{"id":42,"date":"2015-04-27T16:24:36","date_gmt":"2015-04-27T16:24:36","guid":{"rendered":"http:\/\/eatatlantique.fr\/?page_id=42"},"modified":"2015-08-25T11:49:04","modified_gmt":"2015-08-25T13:49:04","slug":"archives-eat-atlantique-saison-2014-2015","status":"publish","type":"page","link":"https:\/\/eatatlantique.fr\/?page_id=42","title":{"rendered":"Eat Atlantique | 2014 -15"},"content":{"rendered":"<ul>\n<li style=\"text-align: justify;\">\u00a0<a href=\"https:\/\/eatatlantique.fr\/?page_id=19\" target=\"_blank\"><span style=\"color: #993366;\"><em><strong>Pi\u00e8ces mont\u00e9es<\/strong><\/em><\/span><\/a> : 11 auteurs des eat atlantique (Ecrivains Associ\u00e9s du Th\u00e9\u00e2tre) jou\u00e9s par 11 troupes amateur (Festival amateurs des eat atlantique) en avril 2015 au Nouveau Th\u00e9\u00e2tre de Teill\u00e9 (44) et au Th\u00e9\u00e2tre La Ruche [Nantes], projet propos\u00e9 par Bertrand Chauveau.<\/li>\n<\/ul>\n<ul>\n<li style=\"text-align: justify;\"><strong><em><span style=\"color: #993366;\">Le banquet des auteurs<\/span>,<\/em><\/strong> 4 juin 2015 au Th\u00e9\u00e2tre La Ruche [Nantes], projet propos\u00e9 par Henri Mariel. Lecture de sc\u00e8nes extraites du livre \u00ab\u00a0Le cabaret du futur\u00a0\u00bb (sortie en septembre 2015), accompagn\u00e9e de billets des auteurs sur leur projet d&rsquo;\u00e9criture&#8230;<\/li>\n<\/ul>\n<ul>\n<li style=\"text-align: justify;\"><a href=\"https:\/\/eatatlantique.fr\/?page_id=15\" target=\"_blank\"><span style=\"color: #993366;\"><em><strong>Cabaret du Futur<\/strong><\/em><\/span><\/a>, par 21 auteurs des eat Atlantique, \u00e9dition Color Gang, septembre 2015, projet propos\u00e9 par Sylvain Renard.<\/li>\n<\/ul>\n<ul>\n<li style=\"text-align: justify;\"><a href=\"https:\/\/eatatlantique.fr\/?page_id=27\" target=\"_blank\"><span style=\"color: #993366;\"><em><strong>La biblioth\u00e8que portative des eat Atlantique en tourn\u00e9e\u00a0!<\/strong><\/em><\/span><\/a> Au CNR d&rsquo;Art dramatique, au TNT, avec la compagnie Paq la Lune [Nantes].<\/li>\n<\/ul>\n<ul>\n<li style=\"text-align: justify;\"><strong>Participation au comit\u00e9 de lecture des eat (Paris).<\/strong><\/li>\n<\/ul>\n<p>&nbsp;<\/p>\n<p><a href=\"https:\/\/eatatlantique.fr\/?page_id=46\" target=\"_blank\"><em><span style=\"color: #993366;\">&gt; Historique 2013 &#8211; 14<\/span><\/em><\/a><\/p>\n<p><a href=\"https:\/\/eatatlantique.fr\/?page_id=47\" target=\"_blank\"><em><span style=\"color: #993366;\">&gt; Historique 2012 -13<\/span><\/em><\/a><\/p>\n<p><a href=\"https:\/\/eatatlantique.fr\/?page_id=50\" target=\"_blank\"><em><span style=\"color: #993366;\">&gt; Historique 2011 -12<\/span><\/em><\/a><\/p>\n<p>&nbsp;<\/p>\n<p>&nbsp;<\/p>\n","protected":false},"excerpt":{"rendered":"<p>\u00a0Pi\u00e8ces mont\u00e9es : 11 auteurs des eat atlantique (Ecrivains Associ\u00e9s du Th\u00e9\u00e2tre) jou\u00e9s par 11 troupes amateur (Festival amateurs des eat atlantique) en avril 2015 au Nouveau Th\u00e9\u00e2tre de Teill\u00e9 (44) et au Th\u00e9\u00e2tre La Ruche [Nantes], projet propos\u00e9 par Bertrand Chauveau. Le banquet des auteurs, 4 juin 2015 au Th\u00e9\u00e2tre La Ruche [Nantes], projet&hellip; <\/p>\n<p class=\"toivo-read-more\"><a href=\"https:\/\/eatatlantique.fr\/?page_id=42\" class=\"more-link\">Lire la suite <span class=\"screen-reader-text\">Eat Atlantique | 2014 -15<\/span><\/a><\/p>\n","protected":false},"author":1,"featured_media":0,"parent":0,"menu_order":0,"comment_status":"open","ping_status":"open","template":"","meta":{"footnotes":""},"class_list":{"0":"post-42","1":"page","2":"type-page","3":"status-publish","5":"entry"},"_links":{"self":[{"href":"https:\/\/eatatlantique.fr\/index.php?rest_route=\/wp\/v2\/pages\/42","targetHints":{"allow":["GET"]}}],"collection":[{"href":"https:\/\/eatatlantique.fr\/index.php?rest_route=\/wp\/v2\/pages"}],"about":[{"href":"https:\/\/eatatlantique.fr\/index.php?rest_route=\/wp\/v2\/types\/page"}],"author":[{"embeddable":true,"href":"https:\/\/eatatlantique.fr\/index.php?rest_route=\/wp\/v2\/users\/1"}],"replies":[{"embeddable":true,"href":"https:\/\/eatatlantique.fr\/index.php?rest_route=%2Fwp%2Fv2%2Fcomments&post=42"}],"version-history":[{"count":15,"href":"https:\/\/eatatlantique.fr\/index.php?rest_route=\/wp\/v2\/pages\/42\/revisions"}],"predecessor-version":[{"id":331,"href":"https:\/\/eatatlantique.fr\/index.php?rest_route=\/wp\/v2\/pages\/42\/revisions\/331"}],"wp:attachment":[{"href":"https:\/\/eatatlantique.fr\/index.php?rest_route=%2Fwp%2Fv2%2Fmedia&parent=42"}],"curies":[{"name":"wp","href":"https:\/\/api.w.org\/{rel}","templated":true}]}}