{"id":436,"date":"2017-09-22T21:49:19","date_gmt":"2017-09-22T19:49:19","guid":{"rendered":"http:\/\/eatatlantique.fr\/?page_id=436"},"modified":"2018-11-19T09:52:26","modified_gmt":"2018-11-19T08:52:26","slug":"invasion-futuriste","status":"publish","type":"page","link":"https:\/\/eatatlantique.fr\/?page_id=436","title":{"rendered":"Robots, clones et Cie"},"content":{"rendered":"<h5 style=\"text-align: center;\"><a href=\"https:\/\/www.colorgang.eu\/exercices\/robots-clones-et-cie\/\"><img loading=\"lazy\" decoding=\"async\" class=\"size-medium wp-image-432 aligncenter\" src=\"https:\/\/eatatlantique.fr\/wp-content\/uploads\/2015\/04\/19366249_1922226641384079_7688666343335874363_n-210x300.jpg\" alt=\"\" width=\"210\" height=\"300\" srcset=\"https:\/\/eatatlantique.fr\/wp-content\/uploads\/2015\/04\/19366249_1922226641384079_7688666343335874363_n-210x300.jpg 210w, https:\/\/eatatlantique.fr\/wp-content\/uploads\/2015\/04\/19366249_1922226641384079_7688666343335874363_n.jpg 621w\" sizes=\"auto, (max-width: 210px) 100vw, 210px\" \/><\/a>Color Gang \u00e9dition, juin 2017<\/h5>\n<p style=\"text-align: center;\">42 micro-pi\u00e8ces technologiques par 42 auteurs de th\u00e9\u00e2tre EAT<\/p>\n<p style=\"text-align: center;\">Pr\u00e9fac\u00e9 par Joris Mathieu<\/p>\n<p>Quarante-deux auteurs de th\u00e9\u00e2tre s\u2019aventurent dans un projet collectif autour de la robotique, du clonage et des objets connect\u00e9s.<br \/>\nSe confrontant chacun \u00e0 un th\u00e8me sp\u00e9cifique, ils con\u00e7oivent quarante-deux dramaturgies pour un th\u00e9\u00e2tre de l\u2019\u00e8re technologique.<\/p>\n<p>Compos\u00e9 de modules th\u00e9\u00e2traux ind\u00e9pendants qu\u2019on assemblera \u00e0 son gr\u00e9 pour cr\u00e9er son spectacle, Robots, clones et Cie constitue un ensemble de mat\u00e9riaux pour la sc\u00e8ne d\u2019une grande vari\u00e9t\u00e9.<\/p>\n<p>Des textes dialogu\u00e9s \u00e0 lire, \u00e0 dire et \u00e0 jouer.<\/p>\n<p style=\"text-align: right;\"><span style=\"font-size: 1rem;\">Disponible chez <a href=\"https:\/\/www.colorgang.eu\/exercices\/robots-clones-et-cie\/\">Color Gang<\/a> et \u00e0 la commande chez vos libraires pr\u00e9f\u00e9r\u00e9s\u2026<\/span><\/p>\n<div class=\"text_exposed_show\">\n<p>\u00a0<a href=\"https:\/\/eatatlantique.fr\/wp-content\/uploads\/2017\/09\/18446876_1905975186342558_2496189067586987982_n.jpg\" target=\"_blank\" rel=\"noopener\"><img loading=\"lazy\" decoding=\"async\" class=\"aligncenter wp-image-457 size-medium\" src=\"https:\/\/eatatlantique.fr\/wp-content\/uploads\/2017\/09\/18446876_1905975186342558_2496189067586987982_n-300x200.jpg\" alt=\"\" width=\"300\" height=\"200\" srcset=\"https:\/\/eatatlantique.fr\/wp-content\/uploads\/2017\/09\/18446876_1905975186342558_2496189067586987982_n-300x200.jpg 300w, https:\/\/eatatlantique.fr\/wp-content\/uploads\/2017\/09\/18446876_1905975186342558_2496189067586987982_n.jpg 425w\" sizes=\"auto, (max-width: 300px) 100vw, 300px\" \/><\/a><\/p>\n<h6><strong>L\u2019agenda des temps forts qui accompagnent la sortie du livre :<\/strong><\/h6>\n<p>[Programme en cours ]<\/p>\n<p><span style=\"font-size: 1.125em; font-style: italic;\">A venir<\/span><\/p>\n<ul>\n<li><a href=\"https:\/\/lecollectifdudix.org\/ce-mois-au-dix\/\">Lectures publiques<\/a>\u00a0(Cie Au Milieu des Bords) &#8211; samedi 1er d\u00e9cembre 2018 &#8211; Salle du Dix &#8211; Nantes (caf\u00e9-citoyen sur le th\u00e8me <em>\u00ab\u00a0Demain, tous robots ?\u00a0\u00bb<\/em>)<\/li>\n<\/ul>\n<p>&nbsp;<\/p>\n<p><em>Plus t\u00f4t<\/em><\/p>\n<p><em><a href=\"https:\/\/eatatlantique.fr\/wp-content\/uploads\/2017\/09\/18056157_1893463314260412_8803800890516943286_o.jpg\" target=\"_blank\" rel=\"noopener\"><img loading=\"lazy\" decoding=\"async\" class=\"aligncenter wp-image-467\" src=\"https:\/\/eatatlantique.fr\/wp-content\/uploads\/2017\/09\/18056157_1893463314260412_8803800890516943286_o-212x300.jpg\" alt=\"\" width=\"125\" height=\"177\" srcset=\"https:\/\/eatatlantique.fr\/wp-content\/uploads\/2017\/09\/18056157_1893463314260412_8803800890516943286_o-212x300.jpg 212w, https:\/\/eatatlantique.fr\/wp-content\/uploads\/2017\/09\/18056157_1893463314260412_8803800890516943286_o-768x1086.jpg 768w, https:\/\/eatatlantique.fr\/wp-content\/uploads\/2017\/09\/18056157_1893463314260412_8803800890516943286_o-644x910.jpg 644w, https:\/\/eatatlantique.fr\/wp-content\/uploads\/2017\/09\/18056157_1893463314260412_8803800890516943286_o.jpg 885w\" sizes=\"auto, (max-width: 125px) 100vw, 125px\" \/><\/a><\/em><\/p>\n<\/div>\n<ul>\n<li><a href=\"http:\/\/www.new-rancard.com\/programmation-au-nt2-saison-2017-2018\/\">Repr\u00e9sentation d&rsquo;extraits du recueil<\/a>\u00a0&#8211; samedi 14 avril 2018 &#8211; Nouveau Th\u00e9\u00e2tre &#8211; Teill\u00e9<\/li>\n<li>Repr\u00e9sentation d&rsquo;extraits du recueil\u00a0&#8211; dimanche 1er octobre 2017 &#8211; Cit\u00e9 des Congr\u00e8s &#8211; Nantes (15h)<\/li>\n<li><a href=\"http:\/\/www.tntheatre.com\/\">Repr\u00e9sentation d&rsquo;extraits du recueil<\/a>\u00a0&#8211; mercredi 4 octobre 2017 &#8211; TNT Th\u00e9\u00e2tre &#8211; Nantes (19h)<\/li>\n<li><a href=\"http:\/\/leverslibre.com\/index.php\/event\/rencontre-litteraire-robots-clones-et-cie\/\">Soir\u00e9e rencontre et lecture<\/a>\u00a0&#8211; vendredi 20 octobre 2017 &#8211; Librairie le Vers Libre &#8211; Clisson (20h30)<\/li>\n<li><a href=\"https:\/\/www.facebook.com\/events\/1455760478064846\/?acontext=%7B%22source%22%3A5%2C%22page_id_source%22%3A1684401958499883%2C%22action_history%22%3A[%7B%22surface%22%3A%22page%22%2C%22mechanism%22%3A%22main_list%22%2C%22extra_data%22%3A%22%7B%5C%22page_id%5C%22%3A1684401958499883%2C%5C%22tour_id%5C%22%3Anull%7D%22%7D]%2C%22has_source%22%3Atrue%7D\">Invasion technologique<\/a>\u00a0&#8211; du 11 au 13 mai 2017 &#8211; Salle Vasse &#8211; Nantes<\/li>\n<li><a href=\"https:\/\/www.facebook.com\/events\/307157816396497\/?acontext=%7B%22source%22%3A5%2C%22page_id_source%22%3A1684401958499883%2C%22action_history%22%3A[%7B%22surface%22%3A%22page%22%2C%22mechanism%22%3A%22main_list%22%2C%22extra_data%22%3A%22%7B%5C%22page_id%5C%22%3A1684401958499883%2C%5C%22tour_id%5C%22%3Anull%7D%22%7D]%2C%22has_source%22%3Atrue%7D\">Lectures publiques<\/a>\u00a0&#8211; samedi 3 juin 2017 &#8211; Festival les Sc\u00e8nes Vagabondes &#8211; Nantes<\/li>\n<li><a href=\"https:\/\/eatatlantique.fr\/?page_id=187\">Soir\u00e9e d\u00e9dicace<\/a>\u00a0&#8211; lundi 25 septembre 2017 &#8211;\u00a0Salle Vasse \u00a0&#8211; Nantes (19h)<\/li>\n<\/ul>\n<p><a href=\"https:\/\/eatatlantique.fr\/wp-content\/uploads\/2017\/09\/19025222_1919604024979674_5423587828600449678_o.jpg\" target=\"_blank\" rel=\"noopener\"><img loading=\"lazy\" decoding=\"async\" class=\"aligncenter wp-image-458 size-medium\" src=\"https:\/\/eatatlantique.fr\/wp-content\/uploads\/2017\/09\/19025222_1919604024979674_5423587828600449678_o-300x200.jpg\" alt=\"\" width=\"300\" height=\"200\" srcset=\"https:\/\/eatatlantique.fr\/wp-content\/uploads\/2017\/09\/19025222_1919604024979674_5423587828600449678_o-300x200.jpg 300w, https:\/\/eatatlantique.fr\/wp-content\/uploads\/2017\/09\/19025222_1919604024979674_5423587828600449678_o-768x511.jpg 768w, https:\/\/eatatlantique.fr\/wp-content\/uploads\/2017\/09\/19025222_1919604024979674_5423587828600449678_o-644x429.jpg 644w, https:\/\/eatatlantique.fr\/wp-content\/uploads\/2017\/09\/19025222_1919604024979674_5423587828600449678_o-1260x839.jpg 1260w, https:\/\/eatatlantique.fr\/wp-content\/uploads\/2017\/09\/19025222_1919604024979674_5423587828600449678_o.jpg 2048w\" sizes=\"auto, (max-width: 300px) 100vw, 300px\" \/><\/a><\/p>\n","protected":false},"excerpt":{"rendered":"<p>Color Gang \u00e9dition, juin 2017 42 micro-pi\u00e8ces technologiques par 42 auteurs de th\u00e9\u00e2tre EAT Pr\u00e9fac\u00e9 par Joris Mathieu Quarante-deux auteurs de th\u00e9\u00e2tre s\u2019aventurent dans un projet collectif autour de la robotique, du clonage et des objets connect\u00e9s. Se confrontant chacun \u00e0 un th\u00e8me sp\u00e9cifique, ils con\u00e7oivent quarante-deux dramaturgies pour un th\u00e9\u00e2tre de l\u2019\u00e8re technologique. Compos\u00e9&hellip; <\/p>\n<p class=\"toivo-read-more\"><a href=\"https:\/\/eatatlantique.fr\/?page_id=436\" class=\"more-link\">Lire la suite <span class=\"screen-reader-text\">Robots, clones et Cie<\/span><\/a><\/p>\n","protected":false},"author":1,"featured_media":0,"parent":0,"menu_order":0,"comment_status":"closed","ping_status":"closed","template":"","meta":{"footnotes":""},"class_list":{"0":"post-436","1":"page","2":"type-page","3":"status-publish","5":"entry"},"_links":{"self":[{"href":"https:\/\/eatatlantique.fr\/index.php?rest_route=\/wp\/v2\/pages\/436","targetHints":{"allow":["GET"]}}],"collection":[{"href":"https:\/\/eatatlantique.fr\/index.php?rest_route=\/wp\/v2\/pages"}],"about":[{"href":"https:\/\/eatatlantique.fr\/index.php?rest_route=\/wp\/v2\/types\/page"}],"author":[{"embeddable":true,"href":"https:\/\/eatatlantique.fr\/index.php?rest_route=\/wp\/v2\/users\/1"}],"replies":[{"embeddable":true,"href":"https:\/\/eatatlantique.fr\/index.php?rest_route=%2Fwp%2Fv2%2Fcomments&post=436"}],"version-history":[{"count":15,"href":"https:\/\/eatatlantique.fr\/index.php?rest_route=\/wp\/v2\/pages\/436\/revisions"}],"predecessor-version":[{"id":519,"href":"https:\/\/eatatlantique.fr\/index.php?rest_route=\/wp\/v2\/pages\/436\/revisions\/519"}],"wp:attachment":[{"href":"https:\/\/eatatlantique.fr\/index.php?rest_route=%2Fwp%2Fv2%2Fmedia&parent=436"}],"curies":[{"name":"wp","href":"https:\/\/api.w.org\/{rel}","templated":true}]}}