{"id":475,"date":"2018-03-05T18:02:01","date_gmt":"2018-03-05T17:02:01","guid":{"rendered":"http:\/\/eatatlantique.fr\/?page_id=475"},"modified":"2022-09-21T08:50:36","modified_gmt":"2022-09-21T06:50:36","slug":"un-monde-sans-theatre","status":"publish","type":"page","link":"https:\/\/eatatlantique.fr\/?page_id=475","title":{"rendered":"Un monde sans th\u00e9\u00e2tre"},"content":{"rendered":"<p style=\"text-align: center;\"><a href=\"https:\/\/eatatlantique.fr\/wp-content\/uploads\/2018\/03\/FESTIVAL-MONDE-SANS-THE%CC%81A%CC%82TRE.jpeg\" target=\"_blank\" rel=\"noopener\"><img loading=\"lazy\" decoding=\"async\" class=\"aligncenter wp-image-504 size-medium\" src=\"https:\/\/eatatlantique.fr\/wp-content\/uploads\/2018\/03\/FESTIVAL-MONDE-SANS-THE\u0301A\u0302TRE-212x300.jpeg\" sizes=\"auto, (max-width: 493px) 100vw, 493px\" srcset=\"https:\/\/eatatlantique.fr\/wp-content\/uploads\/2018\/03\/FESTIVAL-MONDE-SANS-THE\u0301A\u0302TRE-644x910.jpeg 644w, https:\/\/eatatlantique.fr\/wp-content\/uploads\/2018\/03\/FESTIVAL-MONDE-SANS-THE\u0301A\u0302TRE-212x300.jpeg 212w, https:\/\/eatatlantique.fr\/wp-content\/uploads\/2018\/03\/FESTIVAL-MONDE-SANS-THE\u0301A\u0302TRE-768x1085.jpeg 768w, https:\/\/eatatlantique.fr\/wp-content\/uploads\/2018\/03\/FESTIVAL-MONDE-SANS-THE\u0301A\u0302TRE.jpeg 1181w\" alt=\"\" width=\"212\" height=\"300\" \/><\/a>Nouveau grand chantier collectif des\u00a0E.A.T. \u2013 Atlantique\u00a0sur le th\u00e8me \u00ab\u00a0Un\u00a0monde sans th\u00e9\u00e2tre\u00a0\u00bb.<\/p>\n<p>__________________________________________<\/p>\n<p>Au programme de la manifestation (salle Vasse, Nantes) : ACTE I<\/p>\n<p><strong>Mercredi 4 avril, matin\u00e9e \u2013\u00a0<\/strong>restitution des ateliers d\u2019\u00e9criture en \u00e9tablissement scolaire<\/p>\n<p><strong>Lundi 23 avril, 20h30<\/strong>\u00a0\u2013 9 troupes du d\u00e9partement interpr\u00e8tent les textes des auteurs des EAT-Atlantique<\/p>\n<p><strong>Mardi 24 avril, 18h<\/strong>\u00a0\u2013\u00a0rencontre publique. Les auteurs d\u00e9battront de\u00a0la question de la commande de texte. D\u00e9bat mod\u00e9r\u00e9 par\u00a0<a href=\"http:\/\/ecrivainsenborddemer.fr\/page154\/Auteur\/boutouillet.html\">Gu\u00e9na\u00ebl Boutouillet<\/a>.<\/p>\n<p><strong>Mardi 24 avril, 20h30 \u2013\u00a0<\/strong>Monique Hervou\u00ebt et la compagnie\u00a0<a href=\"http:\/\/www.banquetdavril.fr\/index.php?\/actualites\/projets-en-cours\/\">Banquet d\u2019Avril<\/a>\u00a0pr\u00e9senteront 6 maquettes de courtes pi\u00e8ces \u00e9crites par 3 auteurs E.A.T. \u2013 Atlantique et 3 auteurs\u00a0E.A.T. \u2013 Occitanie dans le cadre des Transversales. La repr\u00e9sentation sera suivie\u00a0d\u2019un bord de sc\u00e8ne mettant en pr\u00e9sence les auteurs et la metteuse-en-sc\u00e8ne. Chacun pourra\u00a0r\u00e9pondre aux questions du public.<\/p>\n<p><strong>Mercredi 25 avril, 20h30<\/strong>\u00a0\u2013 9 troupes du d\u00e9partement interpr\u00e8tent les textes des auteurs des EAT-Atlantique<\/p>\n<p>___________________________________________<\/p>\n<p>A d\u00e9couvrir \u00e9galement le 2 juin 2018, parc de la Gaudini\u00e8re (festival Sc\u00e8nes Vagabondes) \u2013 lectures th\u00e9\u00e2tralis\u00e9es par les auteurs :\u00a0\u00a0<a href=\"https:\/\/www.nantes.fr\/scenes-vagabondes\">www.nantes.fr\/scenesvagabondes<\/a><\/p>\n<p>Publication de\u00a0<a href=\"https:\/\/www.editionlescygnes.fr\/catalogues\/fiches-th%C3%A9%C3%A2tre\/un-monde\/\">Un monde sans th\u00e9\u00e2tre<\/a> (\u00e9ditions du Cygnes, mai 2018)<\/p>\n<p><a href=\"https:\/\/www.editionlescygnes.fr\/catalogues\/fiches-th%C3%A9%C3%A2tre\/un-monde\/\" target=\"_blank\" rel=\"noopener\"><img loading=\"lazy\" decoding=\"async\" class=\"aligncenter wp-image-547\" src=\"https:\/\/eatatlantique.fr\/wp-content\/uploads\/2018\/11\/Le-livre-179x300.jpg\" alt=\"\" width=\"135\" height=\"227\" srcset=\"https:\/\/eatatlantique.fr\/wp-content\/uploads\/2018\/11\/Le-livre-179x300.jpg 179w, https:\/\/eatatlantique.fr\/wp-content\/uploads\/2018\/11\/Le-livre-644x1082.jpg 644w, https:\/\/eatatlantique.fr\/wp-content\/uploads\/2018\/11\/Le-livre.jpg 762w\" sizes=\"auto, (max-width: 135px) 100vw, 135px\" \/><\/a><\/p>\n<p><a href=\"https:\/\/www.facebook.com\/EATAtlantique\/posts\/2225512964388777?__xts__[0]=68.ARAEAit6C3nO4FuujpuJOtOwb0-5ReqxDSsephNjwK8DN8cltmGC53UgkzeSge_LhLgpfEiHRVaHgSLtVaxm7x4lQ-lfPh7nMpp6RicP7kqejq7YcdZG8YrzcikgaP0DN0OZtdQSEzmHrPDCeZsqVzotZOqvbZ_G0iDlgJVEuZQcAt8hlxcwIlLdBXiepM3LsuuPA81mR7rKy5PRcGMNDwbDL40nvet0x3DTkCWfHCrHc1pTebBum9cvKt850z4UsDnM7fnvhrTiTvbwf6aU9BZS9CgEkCda6Z3wRbfZAj4IeEAfe3fR-IDT_jTUCUYkhWgHCRgoGLFbIHnBdLV1vm20lhv_&amp;__tn__=-R\">Au th\u00e9\u00e2tre Paul Scaron du Mans (th\u00e9\u00e2tre de l\u2019\u00c9ph\u00e9m\u00e8re)<\/a> : ACTE II<\/p>\n<p><a href=\"http:\/\/eat-occitanie.simplesite.com\/437164903\">Les Transversales toulousaines<\/a>\u00a0(ACTE III) : Un monde sans th\u00e9\u00e2tre avec les EAT-Occitanie, \u00e0\u00a0la Cave Po\u00e9sie Ren\u00e9 Gouzenne de Toulouse.<\/p>\n","protected":false},"excerpt":{"rendered":"<p>Nouveau grand chantier collectif des\u00a0E.A.T. \u2013 Atlantique\u00a0sur le th\u00e8me \u00ab\u00a0Un\u00a0monde sans th\u00e9\u00e2tre\u00a0\u00bb. __________________________________________ Au programme de la manifestation (salle Vasse, Nantes) : ACTE I Mercredi 4 avril, matin\u00e9e \u2013\u00a0restitution des ateliers d\u2019\u00e9criture en \u00e9tablissement scolaire Lundi 23 avril, 20h30\u00a0\u2013 9 troupes du d\u00e9partement interpr\u00e8tent les textes des auteurs des EAT-Atlantique Mardi 24 avril, 18h\u00a0\u2013\u00a0rencontre publique.&hellip; <\/p>\n<p class=\"toivo-read-more\"><a href=\"https:\/\/eatatlantique.fr\/?page_id=475\" class=\"more-link\">Lire la suite <span class=\"screen-reader-text\">Un monde sans th\u00e9\u00e2tre<\/span><\/a><\/p>\n","protected":false},"author":1,"featured_media":0,"parent":0,"menu_order":0,"comment_status":"closed","ping_status":"closed","template":"","meta":{"footnotes":""},"class_list":{"0":"post-475","1":"page","2":"type-page","3":"status-publish","5":"entry"},"_links":{"self":[{"href":"https:\/\/eatatlantique.fr\/index.php?rest_route=\/wp\/v2\/pages\/475","targetHints":{"allow":["GET"]}}],"collection":[{"href":"https:\/\/eatatlantique.fr\/index.php?rest_route=\/wp\/v2\/pages"}],"about":[{"href":"https:\/\/eatatlantique.fr\/index.php?rest_route=\/wp\/v2\/types\/page"}],"author":[{"embeddable":true,"href":"https:\/\/eatatlantique.fr\/index.php?rest_route=\/wp\/v2\/users\/1"}],"replies":[{"embeddable":true,"href":"https:\/\/eatatlantique.fr\/index.php?rest_route=%2Fwp%2Fv2%2Fcomments&post=475"}],"version-history":[{"count":9,"href":"https:\/\/eatatlantique.fr\/index.php?rest_route=\/wp\/v2\/pages\/475\/revisions"}],"predecessor-version":[{"id":810,"href":"https:\/\/eatatlantique.fr\/index.php?rest_route=\/wp\/v2\/pages\/475\/revisions\/810"}],"wp:attachment":[{"href":"https:\/\/eatatlantique.fr\/index.php?rest_route=%2Fwp%2Fv2%2Fmedia&parent=475"}],"curies":[{"name":"wp","href":"https:\/\/api.w.org\/{rel}","templated":true}]}}