{"id":50,"date":"2015-04-27T16:32:06","date_gmt":"2015-04-27T18:32:06","guid":{"rendered":"http:\/\/eatatlantique.fr\/?page_id=50"},"modified":"2015-08-28T07:36:13","modified_gmt":"2015-08-28T09:36:13","slug":"archives-eat-atlantique-saison-2011-2012","status":"publish","type":"page","link":"https:\/\/eatatlantique.fr\/?page_id=50","title":{"rendered":"Eat Atlantique | 2011- 12"},"content":{"rendered":"<ul>\n<li style=\"text-align: justify;\"><em><strong>\u00a0Actes de Naissances<\/strong><\/em>, Festival [sonor] au lieu unique, Nantes,\u00a0 10 mai 2012.\u00a0 Une \u00e9mission en direct sur la radio Jet fm 91.2 : Lectures \u00e0 voix haute par les auteurs de courtes pi\u00e8ces ou d\u2019extraits (environ 20 minutes), qui donnent \u00e0 entendre les premiers moments d\u2019un personnage, d\u2019une situation, de l\u2019\u00e9criture&#8230;<\/li>\n<\/ul>\n<ul>\n<li><em><strong>Marylin apr\u00e8s tout, <\/strong><\/em>au caf\u00e9 L&rsquo;ivresse, Nantes, 11 octobre 2012 .<\/li>\n<\/ul>\n<ul>\n<li style=\"text-align: justify;\"><em><strong>De l\u2019\u00e9crit \u00e0 la sc\u00e8ne<\/strong><\/em>, au lieu unique, Nantes, 15 octobre 2012. Cette question de th\u00e9\u00e2tre sous-titr\u00e9e\u00a0<strong><em>De l&rsquo;\u00e9crit \u00e0 la sc\u00e8ne :\u00a0le parcours du combattant,<\/em><\/strong> a \u00e9t\u00e9\u00a0consacr\u00e9e \u00e0 la circulation des textes des \u00e9crivains de th\u00e9\u00e2tre. Avec la participation de\u00a0Emile Lansman, \u00e9diteur et directeur d&rsquo;Emile et Cie, des auteurs Fran\u00e7oise Thyrion, Marcel Zang, Diana Vivarelli et\u00a0Mich\u00e8le Laurence\u00a0(EAT Paris)\u00a0qui pr\u00e9sentera le catalogue \u00ab\u00a0De Gustave A. \u00e0 Marcel Z.\u00a0\u00bb ainsi que des metteurs en sc\u00e8ne Monique Hervou\u00ebt (Banquet d&rsquo;Avril), Christophe Rouxel (Th\u00e9\u00e2tre Icare), Catherine Le Moullec et Brigitte Verli\u00e8res, com\u00e9dienne (Th\u00e9\u00e2tre Pom &#8211; Jeune public).\u00a0 Rencontre-d\u00e9bat anim\u00e9e par Jean-Luc Annaix, auteur et metteur en sc\u00e8ne.<\/li>\n<\/ul>\n<ul>\n<li style=\"text-align: justify;\"><em><strong>Ecrire sur le vif<\/strong><\/em>,<span style=\"color: #000000;\"> salle Jamet,<\/span> Nantes, 27 octobre 2012. Une journ\u00e9e d&rsquo;\u00e9criture propos\u00e9e par Diana Vivarelli, avec des auteurs et des amateurs.<\/li>\n<\/ul>\n","protected":false},"excerpt":{"rendered":"<p>\u00a0Actes de Naissances, Festival [sonor] au lieu unique, Nantes,\u00a0 10 mai 2012.\u00a0 Une \u00e9mission en direct sur la radio Jet fm 91.2 : Lectures \u00e0 voix haute par les auteurs de courtes pi\u00e8ces ou d\u2019extraits (environ 20 minutes), qui donnent \u00e0 entendre les premiers moments d\u2019un personnage, d\u2019une situation, de l\u2019\u00e9criture&#8230; Marylin apr\u00e8s tout, au&hellip; <\/p>\n<p class=\"toivo-read-more\"><a href=\"https:\/\/eatatlantique.fr\/?page_id=50\" class=\"more-link\">Lire la suite <span class=\"screen-reader-text\">Eat Atlantique | 2011- 12<\/span><\/a><\/p>\n","protected":false},"author":1,"featured_media":0,"parent":0,"menu_order":0,"comment_status":"closed","ping_status":"closed","template":"","meta":{"footnotes":""},"class_list":{"0":"post-50","1":"page","2":"type-page","3":"status-publish","5":"entry"},"_links":{"self":[{"href":"https:\/\/eatatlantique.fr\/index.php?rest_route=\/wp\/v2\/pages\/50","targetHints":{"allow":["GET"]}}],"collection":[{"href":"https:\/\/eatatlantique.fr\/index.php?rest_route=\/wp\/v2\/pages"}],"about":[{"href":"https:\/\/eatatlantique.fr\/index.php?rest_route=\/wp\/v2\/types\/page"}],"author":[{"embeddable":true,"href":"https:\/\/eatatlantique.fr\/index.php?rest_route=\/wp\/v2\/users\/1"}],"replies":[{"embeddable":true,"href":"https:\/\/eatatlantique.fr\/index.php?rest_route=%2Fwp%2Fv2%2Fcomments&post=50"}],"version-history":[{"count":6,"href":"https:\/\/eatatlantique.fr\/index.php?rest_route=\/wp\/v2\/pages\/50\/revisions"}],"predecessor-version":[{"id":371,"href":"https:\/\/eatatlantique.fr\/index.php?rest_route=\/wp\/v2\/pages\/50\/revisions\/371"}],"wp:attachment":[{"href":"https:\/\/eatatlantique.fr\/index.php?rest_route=%2Fwp%2Fv2%2Fmedia&parent=50"}],"curies":[{"name":"wp","href":"https:\/\/api.w.org\/{rel}","templated":true}]}}