{"id":564,"date":"2018-12-11T10:14:27","date_gmt":"2018-12-11T09:14:27","guid":{"rendered":"http:\/\/eatatlantique.fr\/?page_id=564"},"modified":"2019-05-14T09:24:26","modified_gmt":"2019-05-14T07:24:26","slug":"heroines-et-heros","status":"publish","type":"page","link":"https:\/\/eatatlantique.fr\/?page_id=564","title":{"rendered":"(SUPER)H\u00c9ROS DE TOUS LES TEMPS"},"content":{"rendered":"<h4 style=\"text-align: center;\"><span style=\"color: #993366;\">Les EAT-Atlantique \u00e0 l\u2019assaut de la salle Vasse<\/span><\/h4>\n<p style=\"text-align: center;\"><a href=\"https:\/\/eatatlantique.fr\/wp-content\/uploads\/2019\/03\/Visuel-HEROS.jpg\" target=\"_blank\" rel=\"noopener\"><img loading=\"lazy\" decoding=\"async\" class=\"aligncenter wp-image-580 size-medium\" src=\"https:\/\/eatatlantique.fr\/wp-content\/uploads\/2019\/03\/Visuel-HEROS-211x300.jpg\" alt=\"\" width=\"211\" height=\"300\" srcset=\"https:\/\/eatatlantique.fr\/wp-content\/uploads\/2019\/03\/Visuel-HEROS-211x300.jpg 211w, https:\/\/eatatlantique.fr\/wp-content\/uploads\/2019\/03\/Visuel-HEROS-768x1095.jpg 768w, https:\/\/eatatlantique.fr\/wp-content\/uploads\/2019\/03\/Visuel-HEROS-644x918.jpg 644w, https:\/\/eatatlantique.fr\/wp-content\/uploads\/2019\/03\/Visuel-HEROS.jpg 1049w\" sizes=\"auto, (max-width: 211px) 100vw, 211px\" \/><\/a><\/p>\n<p><!--more--><\/p>\n<p><b>Les \u00c9crivains\u00a0Associ\u00e9s du Th\u00e9\u00e2tre (EAT-Atlantique) vous invitent \u00e0 explorer la diversit\u00e9 et la richesse de l\u2019\u00e9criture th\u00e9\u00e2trale contemporaine de la r\u00e9gion, du 13 au 15 mai 2019, salle Francine Vasse (Nantes) et \u00e0 rencontrer les 26 auteurs de ce collectif tr\u00e8s actif.<\/b><\/p>\n<p>Au programme de cette \u00e9dition 2019, trois soir\u00e9es r\u00e9solument hors de sentiers battus et chacune porteuse d\u2019une forte singularit\u00e9.<\/p>\n<h6><span style=\"color: #993366;\"><strong>Lundi 13 mai\u00a0: rencontre interprofessionnelle en compagnie des auteurs EAT-Atlantique<\/strong><\/span><\/h6>\n<p>Sont invit\u00e9s les metteurs en sc\u00e8ne, com\u00e9diens, programmateurs et \u00e9diteurs de la r\u00e9gion afin d\u2019assister, autour d\u2019un buffet, \u00e0\u00a0:<\/p>\n<ul>\n<li><strong>Des \u00e9changes, rencontres<\/strong> avec les professionnels du th\u00e9\u00e2tre.<\/li>\n<li><strong>Une table ronde<\/strong> sur le th\u00e8me de <em>la collaboration entre un metteur en sc\u00e8ne et un auteur<\/em> avec <span style=\"color: #666699;\"><strong>Laurent Maindon<\/strong><\/span>, <span style=\"color: #666699;\"><strong>Philippe Touzet, C\u00e9line Balloy et C\u00e9line Lemari\u00e9<\/strong><\/span>\u00a0(mod\u00e9rateur : <span style=\"color: #666699;\"><strong>Pascal Massiot<\/strong><\/span>).<\/li>\n<li><strong>Des lectures th\u00e9\u00e2tralis\u00e9es<\/strong> par les <strong><span style=\"color: #666699;\">com\u00e9diens du Conservatoire de Nantes<\/span><\/strong> qui permettront de d\u00e9couvrir la diversit\u00e9 des \u00e9critures des <span style=\"color: #666699;\"><strong>auteurs E.A.T-Atlantique<\/strong><\/span>.<\/li>\n<li><strong>Des installations artistiques<\/strong> : une cabine t\u00e9l\u00e9phonique de laquelle on peut \u00e9couter un auteur qui vous appelle (<span style=\"color: #666699;\"><strong>Cie Bulle de Zinc<\/strong><\/span>), les installations visuelles et sonores des <strong><span style=\"color: #666699;\">\u00e9tudiants de l<\/span><\/strong>\u2019<span style=\"color: #666699;\"><strong>\u00e9cole des Beaux-Arts Zacharie Khelili et Elisa Glo<\/strong><\/span>.<\/li>\n<li>Lancement et d\u00e9dicaces du <strong>nouvel ouvrage collectif des E.A.T-Atlantique<\/strong><\/li>\n<\/ul>\n<p style=\"text-align: center;\"><span style=\"color: #ff0000;\"><em style=\"text-align: center; font-size: 20px; font-weight: bold;\">(Super)H\u00e9ros de tous les temps (\u00e9ditions Color Gang)\u00a0<\/em><\/span><a href=\"https:\/\/eatatlantique.fr\/wp-content\/uploads\/2019\/05\/Livre-SuperH\u00e9ros.jpg\"><img loading=\"lazy\" decoding=\"async\" class=\"aligncenter size-medium wp-image-643\" src=\"https:\/\/eatatlantique.fr\/wp-content\/uploads\/2019\/05\/Livre-SuperH\u00e9ros-300x225.jpg\" alt=\"\" width=\"300\" height=\"225\" srcset=\"https:\/\/eatatlantique.fr\/wp-content\/uploads\/2019\/05\/Livre-SuperH\u00e9ros-300x225.jpg 300w, https:\/\/eatatlantique.fr\/wp-content\/uploads\/2019\/05\/Livre-SuperH\u00e9ros-768x576.jpg 768w, https:\/\/eatatlantique.fr\/wp-content\/uploads\/2019\/05\/Livre-SuperH\u00e9ros-644x483.jpg 644w, https:\/\/eatatlantique.fr\/wp-content\/uploads\/2019\/05\/Livre-SuperH\u00e9ros.jpg 774w\" sizes=\"auto, (max-width: 300px) 100vw, 300px\" \/><\/a><\/p>\n<p style=\"text-align: right;\"><span style=\"color: #333333;\"><strong>19h, r\u00e9servation obligatoire :\u00a0<\/strong><\/span><a href=\"mailto:resa@eatatlantique.fr\">resa@eatatlantique.fr<\/a><\/p>\n<h6><strong>\u00a0<\/strong><img loading=\"lazy\" decoding=\"async\" class=\"aligncenter wp-image-579 size-medium\" src=\"https:\/\/eatatlantique.fr\/wp-content\/uploads\/2019\/03\/Verso-VISUEL-HEROS-211x300.jpg\" alt=\"\" width=\"211\" height=\"300\" srcset=\"https:\/\/eatatlantique.fr\/wp-content\/uploads\/2019\/03\/Verso-VISUEL-HEROS-211x300.jpg 211w, https:\/\/eatatlantique.fr\/wp-content\/uploads\/2019\/03\/Verso-VISUEL-HEROS-768x1092.jpg 768w, https:\/\/eatatlantique.fr\/wp-content\/uploads\/2019\/03\/Verso-VISUEL-HEROS-644x916.jpg 644w, https:\/\/eatatlantique.fr\/wp-content\/uploads\/2019\/03\/Verso-VISUEL-HEROS.jpg 1047w\" sizes=\"auto, (max-width: 211px) 100vw, 211px\" \/><\/h6>\n<h6><strong style=\"color: #993366; font-size: 18px;\">Mardi 14 et mercredi 15 mai\u00a0: repr\u00e9sentations th\u00e9\u00e2trales<\/strong><\/h6>\n<h5 style=\"text-align: center;\"><a href=\"https:\/\/eatatlantique.fr\/?p=657\" target=\"_blank\" rel=\"noopener\">Le programme : ici<\/a><\/h5>\n<p>Les com\u00e9diens de la compagnie Paq\u2019la Lune ainsi que des troupes de th\u00e9\u00e2tre amateur (<em>Contes \u00e0 Rebours, Le Masque \u00e0 Rats, La Nouvelle Lune, Les Embarqu\u00e9s, Le Th\u00e9\u00e2tre sur Lie, La Capsule, New Rencard, Au milieu des Bords<\/em>) interpr\u00e9teront les textes extraits du recueil <em>(Super) H\u00e9ros de tous les temps<\/em>.<\/p>\n<p>Des cr\u00e9ations in\u00e9dites, sensibles et surprenantes qui revisitent les personnages mythiques d\u2019hier et d\u2019aujourd\u2019hui.<\/p>\n<p>Des textes qui s\u2019adressent \u00e0 tous les publics \u00e0 partir du coll\u00e8ge.<\/p>\n<p style=\"text-align: right;\"><span style=\"color: #333333;\"><strong>20h30, tarif unique \u00e0 5 euros<\/strong><\/span><\/p>\n<p style=\"text-align: center;\"><strong>Informations, r\u00e9servations :<\/strong><\/p>\n<p style=\"text-align: center;\"><strong><a href=\"mailto:resa@eatatlantique.fr\">resa@eatatlantique.fr<\/a><\/strong><\/p>\n<p style=\"text-align: center;\"><strong>06 63 15 08 41<\/strong><\/p>\n<p>&nbsp;<\/p>\n<p>___________________________________________<\/p>\n<p>A d\u00e9couvrir \u00e9galement&#8230;<\/p>\n<ul>\n<li>\n<h6>le 11 mai 2019, m\u00e9diath\u00e8que Lisa Bresner (Nantes) : lectures d&rsquo;extraits du recueil <em>\u00ab\u00a0(Super)H\u00e9ros de tous les temps\u00a0\u00bb<\/em> par Fred\u00e9ric Riclet et Johann Corbard (auteurs E.A.T-Atlantique)<\/h6>\n<\/li>\n<\/ul>\n<h6><\/h6>\n<ul>\n<li>\n<h6>le 1er juin 2019, parc de la Gaudini\u00e8re (festival Sc\u00e8nes Vagabondes) \u2013 lectures th\u00e9\u00e2tralis\u00e9es d&rsquo;extraits du recueil <em>\u00ab\u00a0(Super)H\u00e9ros de tous les temps\u00a0\u00bb\u00a0<\/em>par les auteurs :\u00a0 \u00a0<a href=\"https:\/\/www.nantes.fr\/scenes-vagabondes\">www.nantes.fr\/scenesvagabondes<\/a><\/h6>\n<\/li>\n<\/ul>\n","protected":false},"excerpt":{"rendered":"<p>Les EAT-Atlantique \u00e0 l\u2019assaut de la salle Vasse<\/p>\n","protected":false},"author":1,"featured_media":0,"parent":0,"menu_order":0,"comment_status":"closed","ping_status":"closed","template":"","meta":{"footnotes":""},"class_list":{"0":"post-564","1":"page","2":"type-page","3":"status-publish","5":"entry"},"_links":{"self":[{"href":"https:\/\/eatatlantique.fr\/index.php?rest_route=\/wp\/v2\/pages\/564","targetHints":{"allow":["GET"]}}],"collection":[{"href":"https:\/\/eatatlantique.fr\/index.php?rest_route=\/wp\/v2\/pages"}],"about":[{"href":"https:\/\/eatatlantique.fr\/index.php?rest_route=\/wp\/v2\/types\/page"}],"author":[{"embeddable":true,"href":"https:\/\/eatatlantique.fr\/index.php?rest_route=\/wp\/v2\/users\/1"}],"replies":[{"embeddable":true,"href":"https:\/\/eatatlantique.fr\/index.php?rest_route=%2Fwp%2Fv2%2Fcomments&post=564"}],"version-history":[{"count":21,"href":"https:\/\/eatatlantique.fr\/index.php?rest_route=\/wp\/v2\/pages\/564\/revisions"}],"predecessor-version":[{"id":666,"href":"https:\/\/eatatlantique.fr\/index.php?rest_route=\/wp\/v2\/pages\/564\/revisions\/666"}],"wp:attachment":[{"href":"https:\/\/eatatlantique.fr\/index.php?rest_route=%2Fwp%2Fv2%2Fmedia&parent=564"}],"curies":[{"name":"wp","href":"https:\/\/api.w.org\/{rel}","templated":true}]}}