{"id":679,"date":"2019-11-05T13:14:34","date_gmt":"2019-11-05T12:14:34","guid":{"rendered":"http:\/\/eatatlantique.fr\/?page_id=679"},"modified":"2022-09-19T17:33:23","modified_gmt":"2022-09-19T15:33:23","slug":"ecritures-en-chantier","status":"publish","type":"page","link":"https:\/\/eatatlantique.fr\/?page_id=679","title":{"rendered":"\u00c9CRITURES EN CHANTIER"},"content":{"rendered":"\n<p style=\"text-align:left\" class=\"has-drop-cap\">Les auteurs et autrices de th\u00e9\u00e2tre s\u2019inspirent, respirent, font des plans, des tentatives, se lancent, rabotent, coupent, r\u00e9\u00e9crivent, doutent, se questionnent, s\u2019interrogent\u2026 et vient le moment o\u00f9 ils ont besoin d\u2019entendre leur texte, mais aussi de le faire entendre et d\u2019avoir les retours d\u2019un public. <\/p>\n\n\n\n<p>Un auteur, une autrice vient d\u00e9voiler un texte en chantier donc inou\u00ef et in\u00e9dit, lu par des com\u00e9diens. <\/p>\n\n\n\n<p>Lecture suivie d\u2019un bord de plateau au cours duquel le public peut partager son ressenti et faire pleinement partie du processus de cr\u00e9ation. <\/p>\n\n\n\n<p><\/p>\n\n\n\n<h4 class=\"wp-block-heading\" style=\"text-align:center\">jeudi 23 janvier 2020 <\/h4>\n\n\n\n<h5 class=\"wp-block-heading\" style=\"text-align:center\">20h30<\/h5>\n\n\n\n<h4 class=\"wp-block-heading\" style=\"text-align:center\"><a href=\"https:\/\/theatrelaruche.wixsite.com\/accueil\/janvier-ecritures-en-chan\">th\u00e9\u00e2tre la RUCHE<\/a><\/h4>\n\n\n\n<h2 class=\"wp-block-heading\" style=\"text-align:center\">LE PORTEUR D&rsquo;\u00c2MES<\/h2>\n\n\n\n<h4 class=\"wp-block-heading\" style=\"text-align:center\"> de <a href=\"https:\/\/www.babelio.com\/auteur\/Therese-Andre-Abdelaziz\/193254\">Th\u00e9r\u00e8se Andr\u00e9-Abdelaziz<\/a><\/h4>\n\n\n\n<div class=\"wp-block-image\"><figure class=\"aligncenter is-resized\"><img loading=\"lazy\" decoding=\"async\" src=\"https:\/\/eatatlantique.fr\/wp-content\/uploads\/2019\/12\/AVT_Therese-Andre-Abdelaziz_5141.jpg\" alt=\"\" class=\"wp-image-717\" width=\"172\" height=\"258\" srcset=\"https:\/\/eatatlantique.fr\/wp-content\/uploads\/2019\/12\/AVT_Therese-Andre-Abdelaziz_5141.jpg 413w, https:\/\/eatatlantique.fr\/wp-content\/uploads\/2019\/12\/AVT_Therese-Andre-Abdelaziz_5141-200x300.jpg 200w\" sizes=\"auto, (max-width: 172px) 100vw, 172px\" \/><figcaption>En savoir plus sur l&rsquo;autrice :  <br><a href=\"https:\/\/www.babelio.com\/auteur\/Therese-Andre-Abdelaziz\/193254\" target=\"_blank\" rel=\"noreferrer noopener\" aria-label=\"https:\/\/www.babelio.com\/auteur\/Therese-Andre-Abdelaziz\/193254  (opens in a new tab)\">https:\/\/www.babelio.com\/auteur\/Therese-Andre-Abdelaziz\/193254 <\/a><\/figcaption><\/figure><\/div>\n\n\n\n<p>Lecture th\u00e9\u00e2tralis\u00e9e par les \u00e9l\u00e8ves du TPN (<a href=\"http:\/\/tpn44.fr\/ecole\/\" target=\"_blank\" rel=\"noreferrer noopener\" aria-label=\"Th\u00e9\u00e2tre Populaire Nantais (opens in a new tab)\">Th\u00e9\u00e2tre Populaire Nantais<\/a>).<\/p>\n\n\n\n<h4 class=\"wp-block-heading\"><em>L&rsquo;histoire&#8230;<\/em><\/h4>\n\n\n\n<p>Qui est Le Porteur d\u2019\u00e2mes dont on ne parle nulle part ? <br>Parfois mime, toujours funambule. C\u2019est le fil rouge d\u2019univers po\u00e9tiques qui s\u2019imbriquent les uns dans les autres. <br>Avec autant d&rsquo;interrogations ouvrant le champ des possibles&#8230; <\/p>\n\n\n\n<h4 class=\"wp-block-heading\"><em>Conna\u00eetre l&rsquo;univers de Th\u00e9r\u00e8se Andr\u00e9-Abdelaziz<\/em><\/h4>\n\n\n\n<p class=\"has-small-font-size\">Th.A.A. d\u00e9bute par la pi\u00e8ce radiophonique, dont elle \u00e9crit la 1<sup>\u00e8re<\/sup> \u00e0 treize ans, diffus\u00e9e sur la cha\u00eene parisienne de l\u2019ORTF, \u00e9mission <em>Interdit aux plus de 16 ans.<\/em> Six autres suivront. Publication d\u2019une dizaine d\u2019ouvrages&nbsp;: po\u00e9sies, faits de soci\u00e9t\u00e9 (dont <strong><em>Je, femme d\u2019immigr\u00e9<\/em><\/strong> 1987 Cerf, r\u00e9\u00e9dit\u00e9 2004 La Part Commune) romans (dont <strong><em>Moi, Julienne David, corsaire nantaise jamais soumise<\/em><\/strong> 2012 roman historique Ex \u00c6quo) nouvelles, r\u00e9cit. Le th\u00e9\u00e2tre l\u2019aiguillonne. Encourag\u00e9e par une bourse d\u2019aide \u00e0 l\u2019\u00e9criture th\u00e9\u00e2trale de la DMDTS et une r\u00e9sidence d\u2019\u00e9criture d\u2019un mois \u00e0 la Chartreuse de Villeneuve-lez-Avignon au CNES, elle a \u00e9crit une douzaine de pi\u00e8ces. <\/p>\n\n\n\n<p class=\"has-small-font-size\">Son \u00e9criture est ax\u00e9e sur la m\u00e9moire &#8211; des hommes et des lieux &#8211; le v\u00e9cu, celui des gens dont on ne parle pas, l\u2019exil et les discriminations. Ses dix ans de pigiste pour trois hebdos parisien, suisse et savoyard, ont nourri ses \u00e9crits. Nombreux in\u00e9dits.<\/p>\n\n\n\n<p class=\"has-small-font-size\">Dernier\nopus&nbsp;: <strong><em>Chemin d\u2019heures <\/em><\/strong>2019 textes po\u00e9tiques Chlo\u00e9 des Lys.<\/p>\n\n\n\n<p class=\"has-small-font-size\">Derni\u00e8re\npi\u00e8ce&nbsp;: <strong><em>Aigre-douce-am\u00e8re, <\/em><\/strong>par la Cie du Rivage, cr\u00e9\u00e9e les 2\net 3 novembre 2018 \u00e0 La Ruche,&nbsp; reprise\ndans une nouvelle version le 29 novembre 2019 \u00e0 St Aignan Grandlieu.<\/p>\n\n\n\n<p class=\"has-small-font-size\">Membre\ndes EAT, de l\u2019AEB (Association des \u00e9crivains bretons) et des Romanciers\nnantais.<\/p>\n\n\n\n<hr class=\"wp-block-separator\"\/>\n\n\n\n<h4 class=\"wp-block-heading\">Pr\u00e9c\u00e9dentes soir\u00e9es<\/h4>\n\n\n\n<h5 class=\"wp-block-heading\" style=\"text-align:center\">jeudi 21 novembre 2019 \/ 20h30<\/h5>\n\n\n\n<h5 class=\"wp-block-heading\" style=\"text-align:center\">th\u00e9\u00e2tre la RUCHE<\/h5>\n\n\n\n<div class=\"wp-block-image\"><figure class=\"aligncenter is-resized\"><img loading=\"lazy\" decoding=\"async\" src=\"https:\/\/eatatlantique.fr\/wp-content\/uploads\/2019\/11\/Illustration-Loccupation-644x512.jpg\" alt=\"\" class=\"wp-image-695\" width=\"196\" height=\"156\" srcset=\"https:\/\/eatatlantique.fr\/wp-content\/uploads\/2019\/11\/Illustration-Loccupation-644x512.jpg 644w, https:\/\/eatatlantique.fr\/wp-content\/uploads\/2019\/11\/Illustration-Loccupation-300x238.jpg 300w, https:\/\/eatatlantique.fr\/wp-content\/uploads\/2019\/11\/Illustration-Loccupation-768x610.jpg 768w, https:\/\/eatatlantique.fr\/wp-content\/uploads\/2019\/11\/Illustration-Loccupation-1260x1001.jpg 1260w\" sizes=\"auto, (max-width: 196px) 100vw, 196px\" \/><\/figure><\/div>\n\n\n\n<h3 class=\"wp-block-heading\" style=\"text-align:center\">L&rsquo;OCCUPATION<\/h3>\n\n\n\n<h5 class=\"wp-block-heading\" style=\"text-align:center\"> de Ma\u00eblle Levacher <\/h5>\n\n\n\n<div class=\"wp-block-image\"><figure class=\"aligncenter is-resized\"><img loading=\"lazy\" decoding=\"async\" src=\"https:\/\/eatatlantique.fr\/wp-content\/uploads\/2019\/11\/Maelle-Levacher_photo-profil-PartCommune-768x852-644x714.jpg\" alt=\"\" class=\"wp-image-672\" width=\"118\" height=\"131\" srcset=\"https:\/\/eatatlantique.fr\/wp-content\/uploads\/2019\/11\/Maelle-Levacher_photo-profil-PartCommune-768x852-644x714.jpg 644w, https:\/\/eatatlantique.fr\/wp-content\/uploads\/2019\/11\/Maelle-Levacher_photo-profil-PartCommune-768x852-270x300.jpg 270w, https:\/\/eatatlantique.fr\/wp-content\/uploads\/2019\/11\/Maelle-Levacher_photo-profil-PartCommune-768x852.jpg 768w\" sizes=\"auto, (max-width: 118px) 100vw, 118px\" \/><\/figure><\/div>\n\n\n\n<p>Lecture th\u00e9\u00e2tralis\u00e9e par les \u00e9l\u00e8ves du TPN (Th\u00e9\u00e2tre Populaire Nantais).<\/p>\n\n\n\n<p style=\"font-size:18px\"><em>L&rsquo;histoire&#8230;<\/em><\/p>\n\n\n\n<p class=\"has-small-font-size\"> Des sacs de jute, partout dans les foyers, chaque jour un peu plus. C\u2019est encombrant. D\u2019aucuns disent : d\u00e9rangeant. Qu\u2019en faire ? Antonin a choisi ; mais sa compagne, sa s\u0153ur, son ami sont encore sur le chemin, et se regardent cheminer les uns les autres. <\/p>\n\n\n\n<p style=\"font-size:18px\"><em>Conna\u00eetre l&rsquo;univers de MA\u00cbLLE LEVACHER<\/em><\/p>\n\n\n\n<p class=\"has-small-font-size\">Ma\u00eblle Levacher est autrice de litt\u00e9rature g\u00e9n\u00e9rale et enseignante en lettres et sciences humaines. Comme Alfred Kubin pour ses dessins, elle souhaite pour ses \u00e9crits un lecteur qui \u00ab ne se contenterait pas de les regarder avec plaisir ou d&rsquo;un \u0153il critique, mais, comme stimul\u00e9 par un contact secret, [&#8230;] devrait accorder aussi son attention aux recoins obscurs pleins d&rsquo;images de sa propre conscience r\u00eaveuse. \u00bb<br>Elle est \u00e0 l&rsquo;origine de la Cie des Chemins de verre, cr\u00e9\u00e9e en 2009, qui propose des spectacles en musique, car elle s&rsquo;int\u00e9resse depuis longtemps \u00e0 le sc\u00e8ne. Elle entend d\u00e9sormais faire m\u00fbrir ses projets d&rsquo;\u00e9criture dramatique afin qu&rsquo;ils prennent place dans sa production professionnelle.<br>&#x27a1;&#xfe0f;&nbsp;<a rel=\"noreferrer noopener\" href=\"http:\/\/www.ciedescheminsdeverre.net\/?fbclid=IwAR0ZDWFTSakrvTdwrFPwC_fg9CfMmNMCuoYls2TFQ_smFYuu90WX1M6oPEM\" target=\"_blank\">http:\/\/www.ciedescheminsdeverre.net\/<\/a><\/p>\n","protected":false},"excerpt":{"rendered":"<p>Les auteurs et autrices de th\u00e9\u00e2tre s\u2019inspirent, respirent, font des plans, des tentatives, se lancent, rabotent, coupent, r\u00e9\u00e9crivent, doutent, se questionnent, s\u2019interrogent\u2026 et vient le moment o\u00f9 ils ont besoin d\u2019entendre leur texte, mais aussi de le faire entendre et d\u2019avoir les retours d\u2019un public. Un auteur, une autrice vient d\u00e9voiler un texte en chantier&hellip; <\/p>\n<p class=\"toivo-read-more\"><a href=\"https:\/\/eatatlantique.fr\/?page_id=679\" class=\"more-link\">Lire la suite <span class=\"screen-reader-text\">\u00c9CRITURES EN CHANTIER<\/span><\/a><\/p>\n","protected":false},"author":1,"featured_media":0,"parent":0,"menu_order":2,"comment_status":"closed","ping_status":"closed","template":"","meta":{"footnotes":""},"class_list":{"0":"post-679","1":"page","2":"type-page","3":"status-publish","5":"entry"},"_links":{"self":[{"href":"https:\/\/eatatlantique.fr\/index.php?rest_route=\/wp\/v2\/pages\/679","targetHints":{"allow":["GET"]}}],"collection":[{"href":"https:\/\/eatatlantique.fr\/index.php?rest_route=\/wp\/v2\/pages"}],"about":[{"href":"https:\/\/eatatlantique.fr\/index.php?rest_route=\/wp\/v2\/types\/page"}],"author":[{"embeddable":true,"href":"https:\/\/eatatlantique.fr\/index.php?rest_route=\/wp\/v2\/users\/1"}],"replies":[{"embeddable":true,"href":"https:\/\/eatatlantique.fr\/index.php?rest_route=%2Fwp%2Fv2%2Fcomments&post=679"}],"version-history":[{"count":11,"href":"https:\/\/eatatlantique.fr\/index.php?rest_route=\/wp\/v2\/pages\/679\/revisions"}],"predecessor-version":[{"id":739,"href":"https:\/\/eatatlantique.fr\/index.php?rest_route=\/wp\/v2\/pages\/679\/revisions\/739"}],"wp:attachment":[{"href":"https:\/\/eatatlantique.fr\/index.php?rest_route=%2Fwp%2Fv2%2Fmedia&parent=679"}],"curies":[{"name":"wp","href":"https:\/\/api.w.org\/{rel}","templated":true}]}}