{"id":85,"date":"2015-04-28T06:12:52","date_gmt":"2015-04-28T08:12:52","guid":{"rendered":"http:\/\/eatatlantique.fr\/?page_id=85"},"modified":"2026-01-31T11:19:55","modified_gmt":"2026-01-31T10:19:55","slug":"les-projets","status":"publish","type":"page","link":"https:\/\/eatatlantique.fr\/?page_id=85","title":{"rendered":"Les chantiers"},"content":{"rendered":"<h6>&gt; <a href=\"https:\/\/eatatlantique.fr\/?page_id=33\">\u00c9ducation artistique<\/a><\/h6>\n<h6>&gt; <a href=\"https:\/\/eatatlantique.fr\/?page_id=836\">Labo d&rsquo;\u00e9criture<\/a><\/h6>\n<h6>&gt; <a href=\"https:\/\/eatatlantique.fr\/?page_id=1138\">Les bruits de l&rsquo;actualit\u00e9<\/a><\/h6>\n<h6>&gt; <a href=\"https:\/\/eatatlantique.fr\/?page_id=1332\">D\u00e9mocratie (appel \u00e0 textes)<\/a><\/h6>\n<h6>&gt; <a href=\"https:\/\/eatatlantique.fr\/?page_id=735\" target=\"_blank\" rel=\"noopener noreferrer\">Amorce.s<\/a><\/h6>\n<h6><a href=\"https:\/\/eatatlantique.fr\/?page_id=1146\">&gt; Voir le Soleil<\/a><\/h6>\n<h6><a href=\"https:\/\/eatatlantique.fr\/?page_id=679\">&gt; \u00c9criture en chantier<\/a><\/h6>\n<h6>&gt; <a href=\"https:\/\/eatatlantique.fr\/?page_id=564\">H\u00e9ro\u00efnes et H\u00e9ros<\/a><\/h6>\n<h6>&gt; <a href=\"https:\/\/eatatlantique.fr\/?page_id=436\">Robots, clones et Cie<\/a><\/h6>\n<h6><span style=\"color: #993366;\" data-darkreader-inline-color=\"\">&gt;<\/span> <a href=\"https:\/\/eatatlantique.fr\/?page_id=15\">Cabaret du futur<\/a><\/h6>\n<h6><span style=\"color: #993366;\" data-darkreader-inline-color=\"\">&gt;<\/span> <a href=\"https:\/\/eatatlantique.fr\/?page_id=19\">Pi\u00e8ces mont\u00e9es<\/a><\/h6>\n","protected":false},"excerpt":{"rendered":"<p>&gt; \u00c9ducation artistique &gt; Labo d&rsquo;\u00e9criture &gt; Les bruits de l&rsquo;actualit\u00e9 &gt; D\u00e9mocratie (appel \u00e0 textes) &gt; Amorce.s &gt; Voir le Soleil &gt; \u00c9criture en chantier &gt; H\u00e9ro\u00efnes et H\u00e9ros &gt; Robots, clones et Cie &gt; Cabaret du futur &gt; Pi\u00e8ces mont\u00e9es<\/p>\n","protected":false},"author":1,"featured_media":0,"parent":0,"menu_order":0,"comment_status":"closed","ping_status":"closed","template":"","meta":{"footnotes":""},"class_list":{"0":"post-85","1":"page","2":"type-page","3":"status-publish","5":"entry"},"_links":{"self":[{"href":"https:\/\/eatatlantique.fr\/index.php?rest_route=\/wp\/v2\/pages\/85","targetHints":{"allow":["GET"]}}],"collection":[{"href":"https:\/\/eatatlantique.fr\/index.php?rest_route=\/wp\/v2\/pages"}],"about":[{"href":"https:\/\/eatatlantique.fr\/index.php?rest_route=\/wp\/v2\/types\/page"}],"author":[{"embeddable":true,"href":"https:\/\/eatatlantique.fr\/index.php?rest_route=\/wp\/v2\/users\/1"}],"replies":[{"embeddable":true,"href":"https:\/\/eatatlantique.fr\/index.php?rest_route=%2Fwp%2Fv2%2Fcomments&post=85"}],"version-history":[{"count":15,"href":"https:\/\/eatatlantique.fr\/index.php?rest_route=\/wp\/v2\/pages\/85\/revisions"}],"predecessor-version":[{"id":1342,"href":"https:\/\/eatatlantique.fr\/index.php?rest_route=\/wp\/v2\/pages\/85\/revisions\/1342"}],"wp:attachment":[{"href":"https:\/\/eatatlantique.fr\/index.php?rest_route=%2Fwp%2Fv2%2Fmedia&parent=85"}],"curies":[{"name":"wp","href":"https:\/\/api.w.org\/{rel}","templated":true}]}}